{"id":9670,"date":"2025-01-06T14:13:02","date_gmt":"2025-01-06T17:13:02","guid":{"rendered":"https:\/\/assulba.com.br\/?post_type=product&#038;p=9670"},"modified":"2025-01-06T14:52:35","modified_gmt":"2025-01-06T17:52:35","slug":"balde-espremedor-doblo-30l-preto-bralimpia","status":"publish","type":"product","link":"https:\/\/assulba.com.br\/?product=balde-espremedor-doblo-30l-preto-bralimpia","title":{"rendered":"Balde Espremedor Dobl\u00f4 30L Preto Bralimpia"},"content":{"rendered":"","protected":false},"excerpt":{"rendered":"<p>O Conjunto Dobl\u00f4 30 litros \u00e9 formado por um balde com sistema 2 \u00e1guas (dois recipientes internos separados: um para 18 e outro para 12 litros de l\u00edquido), um espremedor de press\u00e3o superior (com maior efici\u00eancia ao enxugar mops), cujos <strong><a href=\"https:\/\/assulba.com.br\/?product=prensador-do-espremedor-doblo-bralimpia\">prensadores<\/a> <\/strong>podem ser trocados separadamente em caso de quebra. Possui, ainda, dreno de escoamento de \u00e1gua suja e rod\u00edzios para facilitar seu deslocamento.<\/p>\n<p><iframe loading=\"lazy\" title=\"YouTube video player\" src=\"https:\/\/www.youtube-nocookie.com\/embed\/k6qVFKq7cHI\" width=\"560\" height=\"315\" frameborder=\"0\" allowfullscreen=\"allowfullscreen\"><\/iframe><\/p>\n<p>A primeira divis\u00f3ria recebe \u00e1gua com o agente qu\u00edmico para limpeza do piso; a segunda divis\u00f3ria ser\u00e1 o recipiente da \u00e1gua limpa para enx\u00e1gue do o refil que efetuar\u00e1 a remo\u00e7\u00e3o das sujidades da superf\u00edcie a ser limpa.<\/p>\n","protected":false},"featured_media":9672,"template":"","meta":[],"product_brand":[],"product_cat":[135,311],"product_tag":[108,131,27,110],"class_list":{"0":"post-9670","1":"product","2":"type-product","3":"status-publish","4":"has-post-thumbnail","6":"product_cat-cat_limpeza","7":"product_cat-cat_baldes_e_carros","8":"product_tag-balde","9":"product_tag-bralimpia","10":"product_tag-limpeza","11":"product_tag-mops","13":"first","14":"instock","15":"featured","16":"shipping-taxable","17":"purchasable","18":"product-type-simple"},"jetpack_sharing_enabled":true,"_links":{"self":[{"href":"https:\/\/assulba.com.br\/index.php?rest_route=\/wp\/v2\/product\/9670","targetHints":{"allow":["GET"]}}],"collection":[{"href":"https:\/\/assulba.com.br\/index.php?rest_route=\/wp\/v2\/product"}],"about":[{"href":"https:\/\/assulba.com.br\/index.php?rest_route=\/wp\/v2\/types\/product"}],"wp:featuredmedia":[{"embeddable":true,"href":"https:\/\/assulba.com.br\/index.php?rest_route=\/wp\/v2\/media\/9672"}],"wp:attachment":[{"href":"https:\/\/assulba.com.br\/index.php?rest_route=%2Fwp%2Fv2%2Fmedia&parent=9670"}],"wp:term":[{"taxonomy":"product_brand","embeddable":true,"href":"https:\/\/assulba.com.br\/index.php?rest_route=%2Fwp%2Fv2%2Fproduct_brand&post=9670"},{"taxonomy":"product_cat","embeddable":true,"href":"https:\/\/assulba.com.br\/index.php?rest_route=%2Fwp%2Fv2%2Fproduct_cat&post=9670"},{"taxonomy":"product_tag","embeddable":true,"href":"https:\/\/assulba.com.br\/index.php?rest_route=%2Fwp%2Fv2%2Fproduct_tag&post=9670"}],"curies":[{"name":"wp","href":"https:\/\/api.w.org\/{rel}","templated":true}]}}