{"id":9586,"date":"2024-09-07T21:08:49","date_gmt":"2024-09-08T00:08:49","guid":{"rendered":"https:\/\/assulba.com.br\/?post_type=product&#038;p=9586"},"modified":"2024-09-10T21:33:23","modified_gmt":"2024-09-11T00:33:23","slug":"dispensador-de-copos-plasticos-multicopo-preto-nobre","status":"publish","type":"product","link":"https:\/\/assulba.com.br\/?product=dispensador-de-copos-plasticos-multicopo-preto-nobre","title":{"rendered":"DISPENSADOR DE COPOS PL\u00c1STICOS MULTICOPO PRETO NOBRE"},"content":{"rendered":"","protected":false},"excerpt":{"rendered":"<p>Dispensador de copos pl\u00e1sticos para \u00e1gua, com acionamento por tecla. Compat\u00edvel com copos de 150ml at\u00e9 200ml. Novo modelo da marca, com modifica\u00e7\u00f5es no design e melhor resist\u00eancia.<\/p>\n","protected":false},"featured_media":9588,"template":"","meta":[],"product_brand":[],"product_cat":[303],"product_tag":[97,91],"class_list":{"0":"post-9586","1":"product","2":"type-product","3":"status-publish","4":"has-post-thumbnail","6":"product_cat-servico-espera","7":"product_tag-copos","8":"product_tag-dispenser","10":"first","11":"instock","12":"featured","13":"shipping-taxable","14":"purchasable","15":"product-type-simple"},"jetpack_sharing_enabled":true,"_links":{"self":[{"href":"https:\/\/assulba.com.br\/index.php?rest_route=\/wp\/v2\/product\/9586","targetHints":{"allow":["GET"]}}],"collection":[{"href":"https:\/\/assulba.com.br\/index.php?rest_route=\/wp\/v2\/product"}],"about":[{"href":"https:\/\/assulba.com.br\/index.php?rest_route=\/wp\/v2\/types\/product"}],"wp:featuredmedia":[{"embeddable":true,"href":"https:\/\/assulba.com.br\/index.php?rest_route=\/wp\/v2\/media\/9588"}],"wp:attachment":[{"href":"https:\/\/assulba.com.br\/index.php?rest_route=%2Fwp%2Fv2%2Fmedia&parent=9586"}],"wp:term":[{"taxonomy":"product_brand","embeddable":true,"href":"https:\/\/assulba.com.br\/index.php?rest_route=%2Fwp%2Fv2%2Fproduct_brand&post=9586"},{"taxonomy":"product_cat","embeddable":true,"href":"https:\/\/assulba.com.br\/index.php?rest_route=%2Fwp%2Fv2%2Fproduct_cat&post=9586"},{"taxonomy":"product_tag","embeddable":true,"href":"https:\/\/assulba.com.br\/index.php?rest_route=%2Fwp%2Fv2%2Fproduct_tag&post=9586"}],"curies":[{"name":"wp","href":"https:\/\/api.w.org\/{rel}","templated":true}]}}