{"id":9559,"date":"2024-09-07T14:43:35","date_gmt":"2024-09-07T17:43:35","guid":{"rendered":"https:\/\/assulba.com.br\/?post_type=product&#038;p=9559"},"modified":"2024-09-07T15:08:03","modified_gmt":"2024-09-07T18:08:03","slug":"contentor-360-litros-verdecontemar","status":"publish","type":"product","link":"https:\/\/assulba.com.br\/?product=contentor-360-litros-verdecontemar","title":{"rendered":"CONTENTOR 360 LITROS VERDE CONTEMAR"},"content":{"rendered":"","protected":false},"excerpt":{"rendered":"<p>Contentor Contemar com 360 litros e 2 anos de garantia. Produzido em PEAD (polietileno de alta densidade). Possui resist\u00eancia bem superior em rela\u00e7\u00e3o aos outros modelos comuns no mercado. Possui a mesma largura dos contentores de 240L, o que possibilita sua passagem por portas convencionais. Fabricado com tecnologia de pl\u00e1stico injetado, com interior liso e sem arestas, evitando a reten\u00e7\u00e3o de bact\u00e9rias.<\/p>\n<p>https:\/\/s3.eu-west-3.amazonaws.com\/contenur\/contenur.com\/files\/20240507041900_20210611105648-20210507110836-c360.mp4<\/p>\n<p>&nbsp;<\/p>\n","protected":false},"featured_media":9561,"template":"","meta":[],"product_brand":[],"product_cat":[21,315],"product_tag":[77,142,76],"class_list":{"0":"post-9559","1":"product","2":"type-product","3":"status-publish","4":"has-post-thumbnail","6":"product_cat-cat_lixeiras","7":"product_cat-cat_contentores","8":"product_tag-container","9":"product_tag-contemar","10":"product_tag-contentor","12":"first","13":"instock","14":"shipping-taxable","15":"purchasable","16":"product-type-simple"},"jetpack_sharing_enabled":true,"_links":{"self":[{"href":"https:\/\/assulba.com.br\/index.php?rest_route=\/wp\/v2\/product\/9559","targetHints":{"allow":["GET"]}}],"collection":[{"href":"https:\/\/assulba.com.br\/index.php?rest_route=\/wp\/v2\/product"}],"about":[{"href":"https:\/\/assulba.com.br\/index.php?rest_route=\/wp\/v2\/types\/product"}],"wp:featuredmedia":[{"embeddable":true,"href":"https:\/\/assulba.com.br\/index.php?rest_route=\/wp\/v2\/media\/9561"}],"wp:attachment":[{"href":"https:\/\/assulba.com.br\/index.php?rest_route=%2Fwp%2Fv2%2Fmedia&parent=9559"}],"wp:term":[{"taxonomy":"product_brand","embeddable":true,"href":"https:\/\/assulba.com.br\/index.php?rest_route=%2Fwp%2Fv2%2Fproduct_brand&post=9559"},{"taxonomy":"product_cat","embeddable":true,"href":"https:\/\/assulba.com.br\/index.php?rest_route=%2Fwp%2Fv2%2Fproduct_cat&post=9559"},{"taxonomy":"product_tag","embeddable":true,"href":"https:\/\/assulba.com.br\/index.php?rest_route=%2Fwp%2Fv2%2Fproduct_tag&post=9559"}],"curies":[{"name":"wp","href":"https:\/\/api.w.org\/{rel}","templated":true}]}}