{"id":9427,"date":"2023-10-09T23:36:37","date_gmt":"2023-10-10T02:36:37","guid":{"rendered":"https:\/\/assulba.com.br\/?post_type=product&#038;p=9427"},"modified":"2024-03-17T00:43:42","modified_gmt":"2024-03-17T03:43:42","slug":"lixeira-papeleira-50l-amarelo-belosch","status":"publish","type":"product","link":"https:\/\/assulba.com.br\/?product=lixeira-papeleira-50l-amarelo-belosch","title":{"rendered":"LIXEIRA PAPELEIRA 50L AMARELO BELOSCH"},"content":{"rendered":"","protected":false},"excerpt":{"rendered":"<p>Lixeira papeleira em polietileno, produzida para instala\u00e7\u00e3o em postes ou paredes. Dispon\u00edvel nas cores azul, verde, vermelho e amarelo. Acompanha adesivos sinalizadores para uso opcional em coleta seletiva (azul: papel; verde: vidro; vermelho: pl\u00e1stico; amarelo: metal).<br \/>\nTamanho: 50 litros.<\/p>\n","protected":false},"featured_media":8486,"template":"","meta":[],"product_brand":[],"product_cat":[21,317],"product_tag":[16,35,70],"class_list":{"0":"post-9427","1":"product","2":"type-product","3":"status-publish","4":"has-post-thumbnail","6":"product_cat-cat_lixeiras","7":"product_cat-cat_demaislixeiras","8":"product_tag-garagem","9":"product_tag-jardim","10":"product_tag-lixeiras","12":"first","13":"instock","14":"shipping-taxable","15":"purchasable","16":"product-type-simple"},"jetpack_sharing_enabled":true,"_links":{"self":[{"href":"https:\/\/assulba.com.br\/index.php?rest_route=\/wp\/v2\/product\/9427","targetHints":{"allow":["GET"]}}],"collection":[{"href":"https:\/\/assulba.com.br\/index.php?rest_route=\/wp\/v2\/product"}],"about":[{"href":"https:\/\/assulba.com.br\/index.php?rest_route=\/wp\/v2\/types\/product"}],"wp:featuredmedia":[{"embeddable":true,"href":"https:\/\/assulba.com.br\/index.php?rest_route=\/wp\/v2\/media\/8486"}],"wp:attachment":[{"href":"https:\/\/assulba.com.br\/index.php?rest_route=%2Fwp%2Fv2%2Fmedia&parent=9427"}],"wp:term":[{"taxonomy":"product_brand","embeddable":true,"href":"https:\/\/assulba.com.br\/index.php?rest_route=%2Fwp%2Fv2%2Fproduct_brand&post=9427"},{"taxonomy":"product_cat","embeddable":true,"href":"https:\/\/assulba.com.br\/index.php?rest_route=%2Fwp%2Fv2%2Fproduct_cat&post=9427"},{"taxonomy":"product_tag","embeddable":true,"href":"https:\/\/assulba.com.br\/index.php?rest_route=%2Fwp%2Fv2%2Fproduct_tag&post=9427"}],"curies":[{"name":"wp","href":"https:\/\/api.w.org\/{rel}","templated":true}]}}