{"id":9423,"date":"2023-09-17T20:32:43","date_gmt":"2023-09-17T23:32:43","guid":{"rendered":"https:\/\/assulba.com.br\/?post_type=product&#038;p=9423"},"modified":"2024-09-07T16:48:53","modified_gmt":"2024-09-07T19:48:53","slug":"lampada-led-bulbo-tkl-170-30w-taschibra","status":"publish","type":"product","link":"https:\/\/assulba.com.br\/?product=lampada-led-bulbo-tkl-170-30w-taschibra","title":{"rendered":"L\u00c2MPADA LED BULBO TKL 170 30W TASCHIBRA"},"content":{"rendered":"","protected":false},"excerpt":{"rendered":"<p>L\u00e2mpada Led 30W, 6.500 K (branca), fluxo luminoso 2.400 lm (equivale a 150W incandescente), vida \u00fatil estimada 25 mil horas.<\/p>\n","protected":false},"featured_media":9424,"template":"","meta":[],"product_brand":[],"product_cat":[138],"product_tag":[57,125,126],"class_list":{"0":"post-9423","1":"product","2":"type-product","3":"status-publish","4":"has-post-thumbnail","6":"product_cat-cat_iluminacao","7":"product_tag-eletrico","8":"product_tag-iluminacao","9":"product_tag-led","11":"first","12":"instock","13":"shipping-taxable","14":"purchasable","15":"product-type-simple"},"jetpack_sharing_enabled":true,"_links":{"self":[{"href":"https:\/\/assulba.com.br\/index.php?rest_route=\/wp\/v2\/product\/9423","targetHints":{"allow":["GET"]}}],"collection":[{"href":"https:\/\/assulba.com.br\/index.php?rest_route=\/wp\/v2\/product"}],"about":[{"href":"https:\/\/assulba.com.br\/index.php?rest_route=\/wp\/v2\/types\/product"}],"wp:featuredmedia":[{"embeddable":true,"href":"https:\/\/assulba.com.br\/index.php?rest_route=\/wp\/v2\/media\/9424"}],"wp:attachment":[{"href":"https:\/\/assulba.com.br\/index.php?rest_route=%2Fwp%2Fv2%2Fmedia&parent=9423"}],"wp:term":[{"taxonomy":"product_brand","embeddable":true,"href":"https:\/\/assulba.com.br\/index.php?rest_route=%2Fwp%2Fv2%2Fproduct_brand&post=9423"},{"taxonomy":"product_cat","embeddable":true,"href":"https:\/\/assulba.com.br\/index.php?rest_route=%2Fwp%2Fv2%2Fproduct_cat&post=9423"},{"taxonomy":"product_tag","embeddable":true,"href":"https:\/\/assulba.com.br\/index.php?rest_route=%2Fwp%2Fv2%2Fproduct_tag&post=9423"}],"curies":[{"name":"wp","href":"https:\/\/api.w.org\/{rel}","templated":true}]}}