{"id":9395,"date":"2023-08-16T10:47:14","date_gmt":"2023-08-16T13:47:14","guid":{"rendered":"https:\/\/assulba.com.br\/?post_type=product&#038;p=9395"},"modified":"2024-03-17T00:43:42","modified_gmt":"2024-03-17T03:43:42","slug":"espremedor-do-balde-doblo-30l-amarelo-bralimpia","status":"publish","type":"product","link":"https:\/\/assulba.com.br\/?product=espremedor-do-balde-doblo-30l-amarelo-bralimpia","title":{"rendered":"ESPREMEDOR DO BALDE DOBL\u00d4 AMARELO BRALIMPIA"},"content":{"rendered":"","protected":false},"excerpt":{"rendered":"<p>Espremedor do balde dobl\u00f4 Bralimpia, para reposi\u00e7\u00e3o, caso a substitui\u00e7\u00e3o n\u00e3o seja apenas do &#8220;prensador do balde&#8221;, tamb\u00e9m dispon\u00edvel na Assulba neste link <a href=\"https:\/\/assulba.com.br\/?product=prensador-do-espremedor-doblo-bralimpia\">Prensador do Espremedor Bralimpia<\/a><\/p>\n","protected":false},"featured_media":9396,"template":"","meta":[],"product_brand":[],"product_cat":[311,161],"product_tag":[108,131,27,110],"class_list":{"0":"post-9395","1":"product","2":"type-product","3":"status-publish","4":"has-post-thumbnail","6":"product_cat-cat_baldes_e_carros","7":"product_cat-cat_diversos","8":"product_tag-balde","9":"product_tag-bralimpia","10":"product_tag-limpeza","11":"product_tag-mops","13":"first","14":"instock","15":"featured","16":"shipping-taxable","17":"purchasable","18":"product-type-simple"},"jetpack_sharing_enabled":true,"_links":{"self":[{"href":"https:\/\/assulba.com.br\/index.php?rest_route=\/wp\/v2\/product\/9395","targetHints":{"allow":["GET"]}}],"collection":[{"href":"https:\/\/assulba.com.br\/index.php?rest_route=\/wp\/v2\/product"}],"about":[{"href":"https:\/\/assulba.com.br\/index.php?rest_route=\/wp\/v2\/types\/product"}],"wp:featuredmedia":[{"embeddable":true,"href":"https:\/\/assulba.com.br\/index.php?rest_route=\/wp\/v2\/media\/9396"}],"wp:attachment":[{"href":"https:\/\/assulba.com.br\/index.php?rest_route=%2Fwp%2Fv2%2Fmedia&parent=9395"}],"wp:term":[{"taxonomy":"product_brand","embeddable":true,"href":"https:\/\/assulba.com.br\/index.php?rest_route=%2Fwp%2Fv2%2Fproduct_brand&post=9395"},{"taxonomy":"product_cat","embeddable":true,"href":"https:\/\/assulba.com.br\/index.php?rest_route=%2Fwp%2Fv2%2Fproduct_cat&post=9395"},{"taxonomy":"product_tag","embeddable":true,"href":"https:\/\/assulba.com.br\/index.php?rest_route=%2Fwp%2Fv2%2Fproduct_tag&post=9395"}],"curies":[{"name":"wp","href":"https:\/\/api.w.org\/{rel}","templated":true}]}}