{"id":9392,"date":"2023-08-16T09:50:16","date_gmt":"2023-08-16T12:50:16","guid":{"rendered":"https:\/\/assulba.com.br\/?post_type=product&#038;p=9392"},"modified":"2024-03-17T00:43:42","modified_gmt":"2024-03-17T03:43:42","slug":"lixeira-plastica-coza-glass-branca-5l-brinox","status":"publish","type":"product","link":"https:\/\/assulba.com.br\/?product=lixeira-plastica-coza-glass-branca-5l-brinox","title":{"rendered":"LIXEIRA PL\u00c1STICA COZA GLASS BRANCA 5L BRINOX"},"content":{"rendered":"","protected":false},"excerpt":{"rendered":"<p>Lixeira dur\u00e1vel, feita em poliestireno (PS) em alto brilho. Utilizado no escrit\u00f3rio, cozinha, copa, banheiro, etc. Tamanho 26 x 18 x 24 cm.<\/p>\n","protected":false},"featured_media":9394,"template":"","meta":[],"product_brand":[],"product_cat":[21,317],"product_tag":[83,140,70],"class_list":{"0":"post-9392","1":"product","2":"type-product","3":"status-publish","4":"has-post-thumbnail","6":"product_cat-cat_lixeiras","7":"product_cat-cat_demaislixeiras","8":"product_tag-banheiro","9":"product_tag-brinox","10":"product_tag-lixeiras","12":"first","13":"instock","14":"shipping-taxable","15":"purchasable","16":"product-type-simple"},"jetpack_sharing_enabled":true,"_links":{"self":[{"href":"https:\/\/assulba.com.br\/index.php?rest_route=\/wp\/v2\/product\/9392","targetHints":{"allow":["GET"]}}],"collection":[{"href":"https:\/\/assulba.com.br\/index.php?rest_route=\/wp\/v2\/product"}],"about":[{"href":"https:\/\/assulba.com.br\/index.php?rest_route=\/wp\/v2\/types\/product"}],"wp:featuredmedia":[{"embeddable":true,"href":"https:\/\/assulba.com.br\/index.php?rest_route=\/wp\/v2\/media\/9394"}],"wp:attachment":[{"href":"https:\/\/assulba.com.br\/index.php?rest_route=%2Fwp%2Fv2%2Fmedia&parent=9392"}],"wp:term":[{"taxonomy":"product_brand","embeddable":true,"href":"https:\/\/assulba.com.br\/index.php?rest_route=%2Fwp%2Fv2%2Fproduct_brand&post=9392"},{"taxonomy":"product_cat","embeddable":true,"href":"https:\/\/assulba.com.br\/index.php?rest_route=%2Fwp%2Fv2%2Fproduct_cat&post=9392"},{"taxonomy":"product_tag","embeddable":true,"href":"https:\/\/assulba.com.br\/index.php?rest_route=%2Fwp%2Fv2%2Fproduct_tag&post=9392"}],"curies":[{"name":"wp","href":"https:\/\/api.w.org\/{rel}","templated":true}]}}