{"id":9388,"date":"2023-08-16T00:08:18","date_gmt":"2023-08-16T03:08:18","guid":{"rendered":"https:\/\/assulba.com.br\/?post_type=product&#038;p=9388"},"modified":"2024-03-17T00:43:42","modified_gmt":"2024-03-17T03:43:42","slug":"dispensador-de-sacos-higienicos-para-pets-com-pedestal","status":"publish","type":"product","link":"https:\/\/assulba.com.br\/?product=dispensador-de-sacos-higienicos-para-pets-com-pedestal","title":{"rendered":"DISPENSADOR DE SACOS HIGI\u00caNICOS PARA PETS COM PEDESTAL"},"content":{"rendered":"","protected":false},"excerpt":{"rendered":"<p>Dispensador de sacos higi\u00eanicos em formato de cachorrinho. Possui pedestal com haste em alum\u00ednio e base pl\u00e1stica preta, com op\u00e7\u00e3o de uso com ventosas. Acompanha um rolo de sacos higi\u00eanicos.<\/p>\n","protected":false},"featured_media":9389,"template":"","meta":[],"product_brand":[],"product_cat":[20],"product_tag":[91,162],"class_list":{"0":"post-9388","1":"product","2":"type-product","3":"status-publish","4":"has-post-thumbnail","6":"product_cat-cat_logistica","7":"product_tag-dispenser","8":"product_tag-higiene","10":"first","11":"instock","12":"featured","13":"shipping-taxable","14":"purchasable","15":"product-type-simple"},"jetpack_sharing_enabled":true,"_links":{"self":[{"href":"https:\/\/assulba.com.br\/index.php?rest_route=\/wp\/v2\/product\/9388","targetHints":{"allow":["GET"]}}],"collection":[{"href":"https:\/\/assulba.com.br\/index.php?rest_route=\/wp\/v2\/product"}],"about":[{"href":"https:\/\/assulba.com.br\/index.php?rest_route=\/wp\/v2\/types\/product"}],"wp:featuredmedia":[{"embeddable":true,"href":"https:\/\/assulba.com.br\/index.php?rest_route=\/wp\/v2\/media\/9389"}],"wp:attachment":[{"href":"https:\/\/assulba.com.br\/index.php?rest_route=%2Fwp%2Fv2%2Fmedia&parent=9388"}],"wp:term":[{"taxonomy":"product_brand","embeddable":true,"href":"https:\/\/assulba.com.br\/index.php?rest_route=%2Fwp%2Fv2%2Fproduct_brand&post=9388"},{"taxonomy":"product_cat","embeddable":true,"href":"https:\/\/assulba.com.br\/index.php?rest_route=%2Fwp%2Fv2%2Fproduct_cat&post=9388"},{"taxonomy":"product_tag","embeddable":true,"href":"https:\/\/assulba.com.br\/index.php?rest_route=%2Fwp%2Fv2%2Fproduct_tag&post=9388"}],"curies":[{"name":"wp","href":"https:\/\/api.w.org\/{rel}","templated":true}]}}