{"id":9376,"date":"2023-08-15T03:16:05","date_gmt":"2023-08-15T06:16:05","guid":{"rendered":"https:\/\/assulba.com.br\/?post_type=product&#038;p=9376"},"modified":"2024-09-07T16:49:37","modified_gmt":"2024-09-07T19:49:37","slug":"balde-espremedor-2-aguas-32-litros-perfect","status":"publish","type":"product","link":"https:\/\/assulba.com.br\/?product=balde-espremedor-2-aguas-32-litros-perfect","title":{"rendered":"BALDE ESPREMEDOR 2 \u00c1GUAS 32 LITROS PERFECT"},"content":{"rendered":"","protected":false},"excerpt":{"rendered":"<p>Balde espremedor duas \u00e1guas, em polipropileno de alta densidade e rodas de borracha termopl\u00e1sticas. Possui capacidade para 33 litros e espremedor robusto para uso profissional.<\/p>\n","protected":false},"featured_media":9390,"template":"","meta":[],"product_brand":[],"product_cat":[135,311],"product_tag":[108,27,110],"class_list":{"0":"post-9376","1":"product","2":"type-product","3":"status-publish","4":"has-post-thumbnail","6":"product_cat-cat_limpeza","7":"product_cat-cat_baldes_e_carros","8":"product_tag-balde","9":"product_tag-limpeza","10":"product_tag-mops","12":"first","13":"instock","14":"shipping-taxable","15":"purchasable","16":"product-type-simple"},"jetpack_sharing_enabled":true,"_links":{"self":[{"href":"https:\/\/assulba.com.br\/index.php?rest_route=\/wp\/v2\/product\/9376","targetHints":{"allow":["GET"]}}],"collection":[{"href":"https:\/\/assulba.com.br\/index.php?rest_route=\/wp\/v2\/product"}],"about":[{"href":"https:\/\/assulba.com.br\/index.php?rest_route=\/wp\/v2\/types\/product"}],"wp:featuredmedia":[{"embeddable":true,"href":"https:\/\/assulba.com.br\/index.php?rest_route=\/wp\/v2\/media\/9390"}],"wp:attachment":[{"href":"https:\/\/assulba.com.br\/index.php?rest_route=%2Fwp%2Fv2%2Fmedia&parent=9376"}],"wp:term":[{"taxonomy":"product_brand","embeddable":true,"href":"https:\/\/assulba.com.br\/index.php?rest_route=%2Fwp%2Fv2%2Fproduct_brand&post=9376"},{"taxonomy":"product_cat","embeddable":true,"href":"https:\/\/assulba.com.br\/index.php?rest_route=%2Fwp%2Fv2%2Fproduct_cat&post=9376"},{"taxonomy":"product_tag","embeddable":true,"href":"https:\/\/assulba.com.br\/index.php?rest_route=%2Fwp%2Fv2%2Fproduct_tag&post=9376"}],"curies":[{"name":"wp","href":"https:\/\/api.w.org\/{rel}","templated":true}]}}