{"id":9371,"date":"2023-08-14T22:11:23","date_gmt":"2023-08-15T01:11:23","guid":{"rendered":"https:\/\/assulba.com.br\/?post_type=product&#038;p=9371"},"modified":"2025-01-06T14:29:17","modified_gmt":"2025-01-06T17:29:17","slug":"lixeira-papeleira-40l-jsn","status":"publish","type":"product","link":"https:\/\/assulba.com.br\/?product=lixeira-papeleira-40l-jsn","title":{"rendered":"LIXEIRA PAPELEIRA 40L JSN"},"content":{"rendered":"","protected":false},"excerpt":{"rendered":"<p>Lixeira para ser fixada em poste, pedestal ou parede. Esta vers\u00e3o menor que os modelos tradicionais pode ser utilizada em situa\u00e7\u00f5es que h\u00e1 pouco uso di\u00e1rio, como em jardins de condom\u00ednios ou mesmo no descarte de sacos higi\u00eanicos de pets. Tamb\u00e9m podem ser dispostas em conjunto como coleta seletiva. Todas as cores acompanham adesivo indicativo desta separa\u00e7\u00e3o para reciclagem.<\/p>\n","protected":false},"featured_media":9372,"template":"","meta":[],"product_brand":[],"product_cat":[21,317],"product_tag":[71,70,82],"class_list":{"0":"post-9371","1":"product","2":"type-product","3":"status-publish","4":"has-post-thumbnail","6":"product_cat-cat_lixeiras","7":"product_cat-cat_demaislixeiras","8":"product_tag-coleta-seletiva","9":"product_tag-lixeiras","10":"product_tag-papeleira","12":"first","13":"instock","14":"shipping-taxable","15":"purchasable","16":"product-type-simple"},"jetpack_sharing_enabled":true,"_links":{"self":[{"href":"https:\/\/assulba.com.br\/index.php?rest_route=\/wp\/v2\/product\/9371","targetHints":{"allow":["GET"]}}],"collection":[{"href":"https:\/\/assulba.com.br\/index.php?rest_route=\/wp\/v2\/product"}],"about":[{"href":"https:\/\/assulba.com.br\/index.php?rest_route=\/wp\/v2\/types\/product"}],"wp:featuredmedia":[{"embeddable":true,"href":"https:\/\/assulba.com.br\/index.php?rest_route=\/wp\/v2\/media\/9372"}],"wp:attachment":[{"href":"https:\/\/assulba.com.br\/index.php?rest_route=%2Fwp%2Fv2%2Fmedia&parent=9371"}],"wp:term":[{"taxonomy":"product_brand","embeddable":true,"href":"https:\/\/assulba.com.br\/index.php?rest_route=%2Fwp%2Fv2%2Fproduct_brand&post=9371"},{"taxonomy":"product_cat","embeddable":true,"href":"https:\/\/assulba.com.br\/index.php?rest_route=%2Fwp%2Fv2%2Fproduct_cat&post=9371"},{"taxonomy":"product_tag","embeddable":true,"href":"https:\/\/assulba.com.br\/index.php?rest_route=%2Fwp%2Fv2%2Fproduct_tag&post=9371"}],"curies":[{"name":"wp","href":"https:\/\/api.w.org\/{rel}","templated":true}]}}