{"id":9369,"date":"2023-08-14T21:26:54","date_gmt":"2023-08-15T00:26:54","guid":{"rendered":"https:\/\/assulba.com.br\/?post_type=product&#038;p=9369"},"modified":"2024-03-24T13:11:59","modified_gmt":"2024-03-24T16:11:59","slug":"silicone-acetico-50g-transp-tekbond","status":"publish","type":"product","link":"https:\/\/assulba.com.br\/?product=silicone-acetico-50g-transp-tekbond","title":{"rendered":"SILICONE AC\u00c9TICO 50G TRANSP TEKBOND"},"content":{"rendered":"","protected":false},"excerpt":{"rendered":"<p>Silicone de uso geral, ideal para veda\u00e7\u00e3o e selagem de pias, vasos sanit\u00e1rios, portas e janelas. Pode ser aplicado em \u00e1reas externas<\/p>\n","protected":false},"featured_media":9370,"template":"","meta":[],"product_brand":[],"product_cat":[312,153],"product_tag":[154],"class_list":{"0":"post-9369","1":"product","2":"type-product","3":"status-publish","4":"has-post-thumbnail","6":"product_cat-cat-reparos","7":"product_cat-quimicos","8":"product_tag-quimico","10":"first","11":"instock","12":"shipping-taxable","13":"purchasable","14":"product-type-simple"},"jetpack_sharing_enabled":true,"_links":{"self":[{"href":"https:\/\/assulba.com.br\/index.php?rest_route=\/wp\/v2\/product\/9369","targetHints":{"allow":["GET"]}}],"collection":[{"href":"https:\/\/assulba.com.br\/index.php?rest_route=\/wp\/v2\/product"}],"about":[{"href":"https:\/\/assulba.com.br\/index.php?rest_route=\/wp\/v2\/types\/product"}],"wp:featuredmedia":[{"embeddable":true,"href":"https:\/\/assulba.com.br\/index.php?rest_route=\/wp\/v2\/media\/9370"}],"wp:attachment":[{"href":"https:\/\/assulba.com.br\/index.php?rest_route=%2Fwp%2Fv2%2Fmedia&parent=9369"}],"wp:term":[{"taxonomy":"product_brand","embeddable":true,"href":"https:\/\/assulba.com.br\/index.php?rest_route=%2Fwp%2Fv2%2Fproduct_brand&post=9369"},{"taxonomy":"product_cat","embeddable":true,"href":"https:\/\/assulba.com.br\/index.php?rest_route=%2Fwp%2Fv2%2Fproduct_cat&post=9369"},{"taxonomy":"product_tag","embeddable":true,"href":"https:\/\/assulba.com.br\/index.php?rest_route=%2Fwp%2Fv2%2Fproduct_tag&post=9369"}],"curies":[{"name":"wp","href":"https:\/\/api.w.org\/{rel}","templated":true}]}}