{"id":9367,"date":"2023-08-14T21:04:24","date_gmt":"2023-08-15T00:04:24","guid":{"rendered":"https:\/\/assulba.com.br\/?post_type=product&#038;p=9367"},"modified":"2024-03-24T13:16:16","modified_gmt":"2024-03-24T16:16:16","slug":"espuma-expansiva-para-vedacao-e-isolamento-500ml-320g-tekbond","status":"publish","type":"product","link":"https:\/\/assulba.com.br\/?product=espuma-expansiva-para-vedacao-e-isolamento-500ml-320g-tekbond","title":{"rendered":"ESPUMA EXPANSIVA PARA VEDA\u00c7\u00c3O E ISOLAMENTO 500ML 320G TEKBOND"},"content":{"rendered":"","protected":false},"excerpt":{"rendered":"<p>A espuma expansiva \u00e9 indicada para isolamento ac\u00fastico, montagem, colagem e veda\u00e7\u00e3o, por exemplo, para enchimento de cavidades, veda\u00e7\u00e3o de frestas, conex\u00e3o de material de isolamento e coloca\u00e7\u00e3o de telhados. Pode ser aplicado sobre concreto, metal, pl\u00e1stico, madeira. Pode ser realizado o acabamento ap\u00f3s a secagem cortando, lixando e pintando.<\/p>\n","protected":false},"featured_media":9368,"template":"","meta":[],"product_brand":[],"product_cat":[312,153],"product_tag":[154],"class_list":{"0":"post-9367","1":"product","2":"type-product","3":"status-publish","4":"has-post-thumbnail","6":"product_cat-cat-reparos","7":"product_cat-quimicos","8":"product_tag-quimico","10":"first","11":"instock","12":"shipping-taxable","13":"purchasable","14":"product-type-simple"},"jetpack_sharing_enabled":true,"_links":{"self":[{"href":"https:\/\/assulba.com.br\/index.php?rest_route=\/wp\/v2\/product\/9367","targetHints":{"allow":["GET"]}}],"collection":[{"href":"https:\/\/assulba.com.br\/index.php?rest_route=\/wp\/v2\/product"}],"about":[{"href":"https:\/\/assulba.com.br\/index.php?rest_route=\/wp\/v2\/types\/product"}],"wp:featuredmedia":[{"embeddable":true,"href":"https:\/\/assulba.com.br\/index.php?rest_route=\/wp\/v2\/media\/9368"}],"wp:attachment":[{"href":"https:\/\/assulba.com.br\/index.php?rest_route=%2Fwp%2Fv2%2Fmedia&parent=9367"}],"wp:term":[{"taxonomy":"product_brand","embeddable":true,"href":"https:\/\/assulba.com.br\/index.php?rest_route=%2Fwp%2Fv2%2Fproduct_brand&post=9367"},{"taxonomy":"product_cat","embeddable":true,"href":"https:\/\/assulba.com.br\/index.php?rest_route=%2Fwp%2Fv2%2Fproduct_cat&post=9367"},{"taxonomy":"product_tag","embeddable":true,"href":"https:\/\/assulba.com.br\/index.php?rest_route=%2Fwp%2Fv2%2Fproduct_tag&post=9367"}],"curies":[{"name":"wp","href":"https:\/\/api.w.org\/{rel}","templated":true}]}}