{"id":9359,"date":"2023-08-14T18:02:44","date_gmt":"2023-08-14T21:02:44","guid":{"rendered":"https:\/\/assulba.com.br\/?post_type=product&#038;p=9359"},"modified":"2024-03-17T00:43:42","modified_gmt":"2024-03-17T03:43:42","slug":"extensao-eletrica-5-metros-2pt-3-x-075mm%c2%b2-daneva","status":"publish","type":"product","link":"https:\/\/assulba.com.br\/?product=extensao-eletrica-5-metros-2pt-3-x-075mm%c2%b2-daneva","title":{"rendered":"EXTENS\u00c3O EL\u00c9TRICA 5 METROS 2P+T (3 X 0,75MM\u00b2) DANEVA"},"content":{"rendered":"","protected":false},"excerpt":{"rendered":"<p>Extens\u00e3o el\u00e9trica de 5 metros com conex\u00e3o para at\u00e9 3 aparelhos simult\u00e2neos. Oferece seguran\u00e7a para equipamentos eletr\u00f4nicos mais sens\u00edveis, por possuir cabo de aterramento. Corrente m\u00e1xima de 10A.<\/p>\n","protected":false},"featured_media":9360,"template":"","meta":[],"product_brand":[],"product_cat":[20,312],"product_tag":[57,34],"class_list":{"0":"post-9359","1":"product","2":"type-product","3":"status-publish","4":"has-post-thumbnail","6":"product_cat-cat_logistica","7":"product_cat-cat-reparos","8":"product_tag-eletrico","9":"product_tag-ferramenta","11":"first","12":"instock","13":"shipping-taxable","14":"purchasable","15":"product-type-simple"},"jetpack_sharing_enabled":true,"_links":{"self":[{"href":"https:\/\/assulba.com.br\/index.php?rest_route=\/wp\/v2\/product\/9359","targetHints":{"allow":["GET"]}}],"collection":[{"href":"https:\/\/assulba.com.br\/index.php?rest_route=\/wp\/v2\/product"}],"about":[{"href":"https:\/\/assulba.com.br\/index.php?rest_route=\/wp\/v2\/types\/product"}],"wp:featuredmedia":[{"embeddable":true,"href":"https:\/\/assulba.com.br\/index.php?rest_route=\/wp\/v2\/media\/9360"}],"wp:attachment":[{"href":"https:\/\/assulba.com.br\/index.php?rest_route=%2Fwp%2Fv2%2Fmedia&parent=9359"}],"wp:term":[{"taxonomy":"product_brand","embeddable":true,"href":"https:\/\/assulba.com.br\/index.php?rest_route=%2Fwp%2Fv2%2Fproduct_brand&post=9359"},{"taxonomy":"product_cat","embeddable":true,"href":"https:\/\/assulba.com.br\/index.php?rest_route=%2Fwp%2Fv2%2Fproduct_cat&post=9359"},{"taxonomy":"product_tag","embeddable":true,"href":"https:\/\/assulba.com.br\/index.php?rest_route=%2Fwp%2Fv2%2Fproduct_tag&post=9359"}],"curies":[{"name":"wp","href":"https:\/\/api.w.org\/{rel}","templated":true}]}}