{"id":9357,"date":"2023-08-14T17:37:50","date_gmt":"2023-08-14T20:37:50","guid":{"rendered":"https:\/\/assulba.com.br\/?post_type=product&#038;p=9357"},"modified":"2024-09-07T18:43:28","modified_gmt":"2024-09-07T21:43:28","slug":"lixeira-inox-com-pedal-tampa-preta-12-litros-new-tramontina","status":"publish","type":"product","link":"https:\/\/assulba.com.br\/?product=lixeira-inox-com-pedal-tampa-preta-12-litros-new-tramontina","title":{"rendered":"LIXEIRA INOX COM PEDAL TAMPA PRETA 12 LITROS NEW TRAMONTINA"},"content":{"rendered":"","protected":false},"excerpt":{"rendered":"<p>Lixeira com pedal New 12 litros da Tramontina resiste a mais de 1 milh\u00e3o de aberturas e fechamentos da tampa. Fabricada em a\u00e7o inox AISI 430 com tratamento polido. Indicada para uso interno e ideal para banheiros em \u00e1reas comuns de condom\u00ednios e locais de preparo de alimentos.<\/p>\n","protected":false},"featured_media":9358,"template":"","meta":[],"product_brand":[],"product_cat":[21,314],"product_tag":[83,31,72,132],"class_list":{"0":"post-9357","1":"product","2":"type-product","3":"status-publish","4":"has-post-thumbnail","6":"product_cat-cat_lixeiras","7":"product_cat-cat_lixeirainox","8":"product_tag-banheiro","9":"product_tag-inox","10":"product_tag-pedal","11":"product_tag-tramontina","13":"first","14":"instock","15":"shipping-taxable","16":"purchasable","17":"product-type-simple"},"jetpack_sharing_enabled":true,"_links":{"self":[{"href":"https:\/\/assulba.com.br\/index.php?rest_route=\/wp\/v2\/product\/9357","targetHints":{"allow":["GET"]}}],"collection":[{"href":"https:\/\/assulba.com.br\/index.php?rest_route=\/wp\/v2\/product"}],"about":[{"href":"https:\/\/assulba.com.br\/index.php?rest_route=\/wp\/v2\/types\/product"}],"wp:featuredmedia":[{"embeddable":true,"href":"https:\/\/assulba.com.br\/index.php?rest_route=\/wp\/v2\/media\/9358"}],"wp:attachment":[{"href":"https:\/\/assulba.com.br\/index.php?rest_route=%2Fwp%2Fv2%2Fmedia&parent=9357"}],"wp:term":[{"taxonomy":"product_brand","embeddable":true,"href":"https:\/\/assulba.com.br\/index.php?rest_route=%2Fwp%2Fv2%2Fproduct_brand&post=9357"},{"taxonomy":"product_cat","embeddable":true,"href":"https:\/\/assulba.com.br\/index.php?rest_route=%2Fwp%2Fv2%2Fproduct_cat&post=9357"},{"taxonomy":"product_tag","embeddable":true,"href":"https:\/\/assulba.com.br\/index.php?rest_route=%2Fwp%2Fv2%2Fproduct_tag&post=9357"}],"curies":[{"name":"wp","href":"https:\/\/api.w.org\/{rel}","templated":true}]}}