{"id":9353,"date":"2023-08-14T15:15:22","date_gmt":"2023-08-14T18:15:22","guid":{"rendered":"https:\/\/assulba.com.br\/?post_type=product&#038;p=9353"},"modified":"2024-09-07T18:40:48","modified_gmt":"2024-09-07T21:40:48","slug":"ventilador-de-parede-60cm-200w-bivolt-ventisol","status":"publish","type":"product","link":"https:\/\/assulba.com.br\/?product=ventilador-de-parede-60cm-200w-bivolt-ventisol","title":{"rendered":"VENTILADOR DE PAREDE 60CM 200W BIVOLT VENTISOL"},"content":{"rendered":"","protected":false},"excerpt":{"rendered":"<p>Ventilador indicado para locais grandes que precisam de bastante ventila\u00e7\u00e3o, como lojas, \u00e1reas comuns ou de servi\u00e7o em condom\u00ednios e empresas, cozinhas, igrejas, etc. Possui inclina\u00e7\u00e3o regul\u00e1vel, chave de parede com 3 velocidades, grade de a\u00e7o, e oscila\u00e7\u00e3o horizontal autom\u00e1tica que pode ser ativada.<\/p>\n","protected":false},"featured_media":9354,"template":"","meta":[],"product_brand":[],"product_cat":[303],"product_tag":[57],"class_list":{"0":"post-9353","1":"product","2":"type-product","3":"status-publish","4":"has-post-thumbnail","6":"product_cat-servico-espera","7":"product_tag-eletrico","9":"first","10":"instock","11":"shipping-taxable","12":"purchasable","13":"product-type-simple"},"jetpack_sharing_enabled":true,"_links":{"self":[{"href":"https:\/\/assulba.com.br\/index.php?rest_route=\/wp\/v2\/product\/9353","targetHints":{"allow":["GET"]}}],"collection":[{"href":"https:\/\/assulba.com.br\/index.php?rest_route=\/wp\/v2\/product"}],"about":[{"href":"https:\/\/assulba.com.br\/index.php?rest_route=\/wp\/v2\/types\/product"}],"wp:featuredmedia":[{"embeddable":true,"href":"https:\/\/assulba.com.br\/index.php?rest_route=\/wp\/v2\/media\/9354"}],"wp:attachment":[{"href":"https:\/\/assulba.com.br\/index.php?rest_route=%2Fwp%2Fv2%2Fmedia&parent=9353"}],"wp:term":[{"taxonomy":"product_brand","embeddable":true,"href":"https:\/\/assulba.com.br\/index.php?rest_route=%2Fwp%2Fv2%2Fproduct_brand&post=9353"},{"taxonomy":"product_cat","embeddable":true,"href":"https:\/\/assulba.com.br\/index.php?rest_route=%2Fwp%2Fv2%2Fproduct_cat&post=9353"},{"taxonomy":"product_tag","embeddable":true,"href":"https:\/\/assulba.com.br\/index.php?rest_route=%2Fwp%2Fv2%2Fproduct_tag&post=9353"}],"curies":[{"name":"wp","href":"https:\/\/api.w.org\/{rel}","templated":true}]}}