{"id":9350,"date":"2023-08-14T13:02:03","date_gmt":"2023-08-14T16:02:03","guid":{"rendered":"https:\/\/assulba.com.br\/?post_type=product&#038;p=9350"},"modified":"2024-03-24T13:12:25","modified_gmt":"2024-03-24T16:12:25","slug":"gaveteiro-em-eco-para-pastas-de-arquivo-com-4-gavetas","status":"publish","type":"product","link":"https:\/\/assulba.com.br\/?product=gaveteiro-em-eco-para-pastas-de-arquivo-com-4-gavetas","title":{"rendered":"GAVETEIRO EM E\u00c7O PARA PASTAS DE ARQUIVO COM 4 GAVETAS"},"content":{"rendered":"","protected":false},"excerpt":{"rendered":"<p>Gaveteiro com cinco gavetas para armazenar arquivos. Necess\u00e1rio para a organiza\u00e7\u00e3o adequada de documentos e demais registros em papel, em condom\u00ednios e empresas.<\/p>\n","protected":false},"featured_media":9351,"template":"","meta":[],"product_brand":[],"product_cat":[20,159],"product_tag":[64],"class_list":{"0":"post-9350","1":"product","2":"type-product","3":"status-publish","4":"has-post-thumbnail","6":"product_cat-cat_logistica","7":"product_cat-cat_moveis_play","8":"product_tag-moveis","10":"first","11":"instock","12":"shipping-taxable","13":"purchasable","14":"product-type-simple"},"jetpack_sharing_enabled":true,"_links":{"self":[{"href":"https:\/\/assulba.com.br\/index.php?rest_route=\/wp\/v2\/product\/9350","targetHints":{"allow":["GET"]}}],"collection":[{"href":"https:\/\/assulba.com.br\/index.php?rest_route=\/wp\/v2\/product"}],"about":[{"href":"https:\/\/assulba.com.br\/index.php?rest_route=\/wp\/v2\/types\/product"}],"wp:featuredmedia":[{"embeddable":true,"href":"https:\/\/assulba.com.br\/index.php?rest_route=\/wp\/v2\/media\/9351"}],"wp:attachment":[{"href":"https:\/\/assulba.com.br\/index.php?rest_route=%2Fwp%2Fv2%2Fmedia&parent=9350"}],"wp:term":[{"taxonomy":"product_brand","embeddable":true,"href":"https:\/\/assulba.com.br\/index.php?rest_route=%2Fwp%2Fv2%2Fproduct_brand&post=9350"},{"taxonomy":"product_cat","embeddable":true,"href":"https:\/\/assulba.com.br\/index.php?rest_route=%2Fwp%2Fv2%2Fproduct_cat&post=9350"},{"taxonomy":"product_tag","embeddable":true,"href":"https:\/\/assulba.com.br\/index.php?rest_route=%2Fwp%2Fv2%2Fproduct_tag&post=9350"}],"curies":[{"name":"wp","href":"https:\/\/api.w.org\/{rel}","templated":true}]}}