{"id":9348,"date":"2023-08-14T11:51:42","date_gmt":"2023-08-14T14:51:42","guid":{"rendered":"https:\/\/assulba.com.br\/?post_type=product&#038;p=9348"},"modified":"2024-09-07T18:41:08","modified_gmt":"2024-09-07T21:41:08","slug":"pasta-para-polir-e-remover-manchas-em-inox-200g-tramontina","status":"publish","type":"product","link":"https:\/\/assulba.com.br\/?product=pasta-para-polir-e-remover-manchas-em-inox-200g-tramontina","title":{"rendered":"PASTA PARA POLIR E REMOVER MANCHAS EM INOX 200G TRAMONTINA"},"content":{"rendered":"","protected":false},"excerpt":{"rendered":"<p>A pasta para limpeza de a\u00e7o inox proporciona o polimento e remo\u00e7\u00e3o de manchas em lixeiras, revestimento de elevadores, pias e objetos de cozinha. Com a superf\u00edcie seca, deve ser espalhada uma pequena quantidade do produto com uma flanela de algod\u00e3o, at\u00e9 que seja removida a camada de \u00f3xido sobre o inox, tornando flanela com colora\u00e7\u00e3o cinza.<\/p>\n","protected":false},"featured_media":9349,"template":"","meta":[],"product_brand":[],"product_cat":[314,312,153],"product_tag":[31,70,146,132],"class_list":{"0":"post-9348","1":"product","2":"type-product","3":"status-publish","4":"has-post-thumbnail","6":"product_cat-cat_lixeirainox","7":"product_cat-cat-reparos","8":"product_cat-quimicos","9":"product_tag-inox","10":"product_tag-lixeiras","11":"product_tag-produto-de-limpeza","12":"product_tag-tramontina","14":"first","15":"instock","16":"shipping-taxable","17":"purchasable","18":"product-type-simple"},"jetpack_sharing_enabled":true,"_links":{"self":[{"href":"https:\/\/assulba.com.br\/index.php?rest_route=\/wp\/v2\/product\/9348","targetHints":{"allow":["GET"]}}],"collection":[{"href":"https:\/\/assulba.com.br\/index.php?rest_route=\/wp\/v2\/product"}],"about":[{"href":"https:\/\/assulba.com.br\/index.php?rest_route=\/wp\/v2\/types\/product"}],"wp:featuredmedia":[{"embeddable":true,"href":"https:\/\/assulba.com.br\/index.php?rest_route=\/wp\/v2\/media\/9349"}],"wp:attachment":[{"href":"https:\/\/assulba.com.br\/index.php?rest_route=%2Fwp%2Fv2%2Fmedia&parent=9348"}],"wp:term":[{"taxonomy":"product_brand","embeddable":true,"href":"https:\/\/assulba.com.br\/index.php?rest_route=%2Fwp%2Fv2%2Fproduct_brand&post=9348"},{"taxonomy":"product_cat","embeddable":true,"href":"https:\/\/assulba.com.br\/index.php?rest_route=%2Fwp%2Fv2%2Fproduct_cat&post=9348"},{"taxonomy":"product_tag","embeddable":true,"href":"https:\/\/assulba.com.br\/index.php?rest_route=%2Fwp%2Fv2%2Fproduct_tag&post=9348"}],"curies":[{"name":"wp","href":"https:\/\/api.w.org\/{rel}","templated":true}]}}