{"id":9345,"date":"2023-08-14T11:25:00","date_gmt":"2023-08-14T14:25:00","guid":{"rendered":"https:\/\/assulba.com.br\/?post_type=product&#038;p=9345"},"modified":"2024-09-07T16:49:16","modified_gmt":"2024-09-07T19:49:16","slug":"maleta-com-jogo-de-ferramentas-com-131-pecas-nove54","status":"publish","type":"product","link":"https:\/\/assulba.com.br\/?product=maleta-com-jogo-de-ferramentas-com-131-pecas-nove54","title":{"rendered":"MALETA COM JOGO DE FERRAMENTAS COM 131 PE\u00c7AS NOVE54"},"content":{"rendered":"","protected":false},"excerpt":{"rendered":"<p>Maleta pl\u00e1stica com jogo de ferramentas composto por 131 pe\u00e7as. Ideal para manuten\u00e7\u00f5es ou reparos diversos.<\/p>\n","protected":false},"featured_media":9346,"template":"","meta":[],"product_brand":[],"product_cat":[312],"product_tag":[34],"class_list":{"0":"post-9345","1":"product","2":"type-product","3":"status-publish","4":"has-post-thumbnail","6":"product_cat-cat-reparos","7":"product_tag-ferramenta","9":"first","10":"instock","11":"shipping-taxable","12":"purchasable","13":"product-type-simple"},"jetpack_sharing_enabled":true,"_links":{"self":[{"href":"https:\/\/assulba.com.br\/index.php?rest_route=\/wp\/v2\/product\/9345","targetHints":{"allow":["GET"]}}],"collection":[{"href":"https:\/\/assulba.com.br\/index.php?rest_route=\/wp\/v2\/product"}],"about":[{"href":"https:\/\/assulba.com.br\/index.php?rest_route=\/wp\/v2\/types\/product"}],"wp:featuredmedia":[{"embeddable":true,"href":"https:\/\/assulba.com.br\/index.php?rest_route=\/wp\/v2\/media\/9346"}],"wp:attachment":[{"href":"https:\/\/assulba.com.br\/index.php?rest_route=%2Fwp%2Fv2%2Fmedia&parent=9345"}],"wp:term":[{"taxonomy":"product_brand","embeddable":true,"href":"https:\/\/assulba.com.br\/index.php?rest_route=%2Fwp%2Fv2%2Fproduct_brand&post=9345"},{"taxonomy":"product_cat","embeddable":true,"href":"https:\/\/assulba.com.br\/index.php?rest_route=%2Fwp%2Fv2%2Fproduct_cat&post=9345"},{"taxonomy":"product_tag","embeddable":true,"href":"https:\/\/assulba.com.br\/index.php?rest_route=%2Fwp%2Fv2%2Fproduct_tag&post=9345"}],"curies":[{"name":"wp","href":"https:\/\/api.w.org\/{rel}","templated":true}]}}