{"id":9327,"date":"2023-08-14T01:25:14","date_gmt":"2023-08-14T04:25:14","guid":{"rendered":"https:\/\/assulba.com.br\/?post_type=product&#038;p=9327"},"modified":"2024-09-07T16:56:07","modified_gmt":"2024-09-07T19:56:07","slug":"ropeiro-locker-em-aco-com-6-portas","status":"publish","type":"product","link":"https:\/\/assulba.com.br\/?product=ropeiro-locker-em-aco-com-6-portas","title":{"rendered":"ROUPEIRO LOCKER EM A\u00c7O COM 6 PORTAS"},"content":{"rendered":"","protected":false},"excerpt":{"rendered":"<p>Roupeiro tipo Locker com ma\u00e7aneta pit\u00e3o para cadeado. Ideal para funcion\u00e1rios de condom\u00ednios e empresas, ou alunos em escolas e academias, guardarem seus pertences de forma segura e pr\u00e1tica. Produzido em metal com \u00f3timo acabamento e durabilidade.<\/p>\n","protected":false},"featured_media":9575,"template":"","meta":[],"product_brand":[],"product_cat":[20,159],"product_tag":[64,127],"class_list":{"0":"post-9327","1":"product","2":"type-product","3":"status-publish","4":"has-post-thumbnail","6":"product_cat-cat_logistica","7":"product_cat-cat_moveis_play","8":"product_tag-moveis","9":"product_tag-seguranca","11":"first","12":"instock","13":"featured","14":"shipping-taxable","15":"purchasable","16":"product-type-simple"},"jetpack_sharing_enabled":true,"_links":{"self":[{"href":"https:\/\/assulba.com.br\/index.php?rest_route=\/wp\/v2\/product\/9327","targetHints":{"allow":["GET"]}}],"collection":[{"href":"https:\/\/assulba.com.br\/index.php?rest_route=\/wp\/v2\/product"}],"about":[{"href":"https:\/\/assulba.com.br\/index.php?rest_route=\/wp\/v2\/types\/product"}],"wp:featuredmedia":[{"embeddable":true,"href":"https:\/\/assulba.com.br\/index.php?rest_route=\/wp\/v2\/media\/9575"}],"wp:attachment":[{"href":"https:\/\/assulba.com.br\/index.php?rest_route=%2Fwp%2Fv2%2Fmedia&parent=9327"}],"wp:term":[{"taxonomy":"product_brand","embeddable":true,"href":"https:\/\/assulba.com.br\/index.php?rest_route=%2Fwp%2Fv2%2Fproduct_brand&post=9327"},{"taxonomy":"product_cat","embeddable":true,"href":"https:\/\/assulba.com.br\/index.php?rest_route=%2Fwp%2Fv2%2Fproduct_cat&post=9327"},{"taxonomy":"product_tag","embeddable":true,"href":"https:\/\/assulba.com.br\/index.php?rest_route=%2Fwp%2Fv2%2Fproduct_tag&post=9327"}],"curies":[{"name":"wp","href":"https:\/\/api.w.org\/{rel}","templated":true}]}}