{"id":9323,"date":"2023-08-13T23:47:24","date_gmt":"2023-08-14T02:47:24","guid":{"rendered":"https:\/\/assulba.com.br\/?post_type=product&#038;p=9323"},"modified":"2024-09-07T16:50:02","modified_gmt":"2024-09-07T19:50:02","slug":"dispensador-de-sabonete-alcool-inox-select-preto-nobre","status":"publish","type":"product","link":"https:\/\/assulba.com.br\/?product=dispensador-de-sabonete-alcool-inox-select-preto-nobre","title":{"rendered":"DISPENSADOR DE SABONETE\/\u00c1LCOOL INOX SELECT PRETO NOBRE"},"content":{"rendered":"","protected":false},"excerpt":{"rendered":"<p>Saboneteira com frente em a\u00e7o inox preto. Modelo com reservat\u00f3rio 800 ml e v\u00e1lvula XPro que garante maior durabilidade que v\u00e1lvulas tipo cilindro.<\/p>\n","protected":false},"featured_media":9324,"template":"","meta":[],"product_brand":[],"product_cat":[22],"product_tag":[83,91,31,164,95],"class_list":{"0":"post-9323","1":"product","2":"type-product","3":"status-publish","4":"has-post-thumbnail","6":"product_cat-banheiro","7":"product_tag-banheiro","8":"product_tag-dispenser","9":"product_tag-inox","10":"product_tag-nobre","11":"product_tag-saboneteira","13":"first","14":"instock","15":"shipping-taxable","16":"purchasable","17":"product-type-simple"},"jetpack_sharing_enabled":true,"_links":{"self":[{"href":"https:\/\/assulba.com.br\/index.php?rest_route=\/wp\/v2\/product\/9323","targetHints":{"allow":["GET"]}}],"collection":[{"href":"https:\/\/assulba.com.br\/index.php?rest_route=\/wp\/v2\/product"}],"about":[{"href":"https:\/\/assulba.com.br\/index.php?rest_route=\/wp\/v2\/types\/product"}],"wp:featuredmedia":[{"embeddable":true,"href":"https:\/\/assulba.com.br\/index.php?rest_route=\/wp\/v2\/media\/9324"}],"wp:attachment":[{"href":"https:\/\/assulba.com.br\/index.php?rest_route=%2Fwp%2Fv2%2Fmedia&parent=9323"}],"wp:term":[{"taxonomy":"product_brand","embeddable":true,"href":"https:\/\/assulba.com.br\/index.php?rest_route=%2Fwp%2Fv2%2Fproduct_brand&post=9323"},{"taxonomy":"product_cat","embeddable":true,"href":"https:\/\/assulba.com.br\/index.php?rest_route=%2Fwp%2Fv2%2Fproduct_cat&post=9323"},{"taxonomy":"product_tag","embeddable":true,"href":"https:\/\/assulba.com.br\/index.php?rest_route=%2Fwp%2Fv2%2Fproduct_tag&post=9323"}],"curies":[{"name":"wp","href":"https:\/\/api.w.org\/{rel}","templated":true}]}}