{"id":9236,"date":"2023-04-07T16:35:05","date_gmt":"2023-04-07T19:35:05","guid":{"rendered":"https:\/\/assulba.com.br\/?post_type=product&#038;p=9236"},"modified":"2024-03-24T13:13:12","modified_gmt":"2024-03-24T16:13:12","slug":"soprador-a-gasolina-costal-scv-517-vonder","status":"publish","type":"product","link":"https:\/\/assulba.com.br\/?product=soprador-a-gasolina-costal-scv-517-vonder","title":{"rendered":"SOPRADOR A GASOLINA COSTAL SCV 517 VONDER"},"content":{"rendered":"","protected":false},"excerpt":{"rendered":"<p>Produto profissional, com capacidade para uso intensivo, \u00e9 indicado para limpeza de grama cortada, folhas e outros res\u00edduos leves em condom\u00ednios, prefeituras, etc. Modelo ergon\u00f4mico, possui cinto acolchoado e dispositivo anti vibrat\u00f3rio.<\/p>\n","protected":false},"featured_media":9237,"template":"","meta":[],"product_brand":[],"product_cat":[309,313],"product_tag":[35,27],"class_list":{"0":"post-9236","1":"product","2":"type-product","3":"status-publish","4":"has-post-thumbnail","6":"product_cat-cat_limpeza_seca","7":"product_cat-cat_jardinagem","8":"product_tag-jardim","9":"product_tag-limpeza","11":"first","12":"instock","13":"shipping-taxable","14":"purchasable","15":"product-type-simple"},"jetpack_sharing_enabled":true,"_links":{"self":[{"href":"https:\/\/assulba.com.br\/index.php?rest_route=\/wp\/v2\/product\/9236","targetHints":{"allow":["GET"]}}],"collection":[{"href":"https:\/\/assulba.com.br\/index.php?rest_route=\/wp\/v2\/product"}],"about":[{"href":"https:\/\/assulba.com.br\/index.php?rest_route=\/wp\/v2\/types\/product"}],"wp:featuredmedia":[{"embeddable":true,"href":"https:\/\/assulba.com.br\/index.php?rest_route=\/wp\/v2\/media\/9237"}],"wp:attachment":[{"href":"https:\/\/assulba.com.br\/index.php?rest_route=%2Fwp%2Fv2%2Fmedia&parent=9236"}],"wp:term":[{"taxonomy":"product_brand","embeddable":true,"href":"https:\/\/assulba.com.br\/index.php?rest_route=%2Fwp%2Fv2%2Fproduct_brand&post=9236"},{"taxonomy":"product_cat","embeddable":true,"href":"https:\/\/assulba.com.br\/index.php?rest_route=%2Fwp%2Fv2%2Fproduct_cat&post=9236"},{"taxonomy":"product_tag","embeddable":true,"href":"https:\/\/assulba.com.br\/index.php?rest_route=%2Fwp%2Fv2%2Fproduct_tag&post=9236"}],"curies":[{"name":"wp","href":"https:\/\/api.w.org\/{rel}","templated":true}]}}