{"id":9234,"date":"2023-04-07T16:16:53","date_gmt":"2023-04-07T19:16:53","guid":{"rendered":"https:\/\/assulba.com.br\/?post_type=product&#038;p=9234"},"modified":"2024-03-24T13:13:03","modified_gmt":"2024-03-24T16:13:03","slug":"rocadeira-gasolina-costal-170-cv-427cm%c2%b3-cc-rgp-427-vonder","status":"publish","type":"product","link":"https:\/\/assulba.com.br\/?product=rocadeira-gasolina-costal-170-cv-427cm%c2%b3-cc-rgp-427-vonder","title":{"rendered":"RO\u00c7ADEIRA A GASOLINA 1,70 CV 42,7CM\u00b3 (CC) RGP 427 VONDER"},"content":{"rendered":"","protected":false},"excerpt":{"rendered":"<p>Ro\u00e7adeira indicada para uso profissional em condom\u00ednios, ch\u00e1caras e outros ambientes que demandem uso intensivo. Com guidom regul\u00e1vel e cinto com al\u00e7a dupla almofadada que proporciona melhor distribui\u00e7\u00e3o do peso do equipamento. Possui dispositivo de emerg\u00eancia para soltar a ro\u00e7adeira se necess\u00e1rio. Sistema de partida Easy-Start. Acompanha cinto duplo com suporte, kit com ferramentas para montagem e manuten\u00e7\u00e3o, l\u00e2mina tr\u00eas pontas, carretel com fio de nylon e frasco dosador de combust\u00edvel.<\/p>\n","protected":false},"featured_media":9235,"template":"","meta":[],"product_brand":[],"product_cat":[313],"product_tag":[50,35],"class_list":{"0":"post-9234","1":"product","2":"type-product","3":"status-publish","4":"has-post-thumbnail","6":"product_cat-cat_jardinagem","7":"product_tag-combustao","8":"product_tag-jardim","10":"first","11":"instock","12":"shipping-taxable","13":"purchasable","14":"product-type-simple"},"jetpack_sharing_enabled":true,"_links":{"self":[{"href":"https:\/\/assulba.com.br\/index.php?rest_route=\/wp\/v2\/product\/9234","targetHints":{"allow":["GET"]}}],"collection":[{"href":"https:\/\/assulba.com.br\/index.php?rest_route=\/wp\/v2\/product"}],"about":[{"href":"https:\/\/assulba.com.br\/index.php?rest_route=\/wp\/v2\/types\/product"}],"wp:featuredmedia":[{"embeddable":true,"href":"https:\/\/assulba.com.br\/index.php?rest_route=\/wp\/v2\/media\/9235"}],"wp:attachment":[{"href":"https:\/\/assulba.com.br\/index.php?rest_route=%2Fwp%2Fv2%2Fmedia&parent=9234"}],"wp:term":[{"taxonomy":"product_brand","embeddable":true,"href":"https:\/\/assulba.com.br\/index.php?rest_route=%2Fwp%2Fv2%2Fproduct_brand&post=9234"},{"taxonomy":"product_cat","embeddable":true,"href":"https:\/\/assulba.com.br\/index.php?rest_route=%2Fwp%2Fv2%2Fproduct_cat&post=9234"},{"taxonomy":"product_tag","embeddable":true,"href":"https:\/\/assulba.com.br\/index.php?rest_route=%2Fwp%2Fv2%2Fproduct_tag&post=9234"}],"curies":[{"name":"wp","href":"https:\/\/api.w.org\/{rel}","templated":true}]}}