{"id":9121,"date":"2023-01-08T10:32:53","date_gmt":"2023-01-08T13:32:53","guid":{"rendered":"https:\/\/assulba.com.br\/?post_type=product&#038;p=9121"},"modified":"2024-09-10T21:33:14","modified_gmt":"2024-09-11T00:33:14","slug":"purificador-de-agua-fr600-exclusive-ibbl","status":"publish","type":"product","link":"https:\/\/assulba.com.br\/?product=purificador-de-agua-fr600-exclusive-ibbl","title":{"rendered":"PURIFICADOR DE \u00c1GUA FR600 SPECIALE IBBL"},"content":{"rendered":"","protected":false},"excerpt":{"rendered":"<p>O purificador FR600 da IBBL \u00e9 indicado principalmente para \u00e1reas comuns ou de servi\u00e7o, por conta de sua alta capacidade no consumo de \u00e1gua gelada. Purifica \u00e1gua com efici\u00eancia, al\u00e9m de reduzir o cloro. Instala\u00e7\u00e3o na parede ou sobre superf\u00edcie. Garantia de 1 ano.<\/p>\n","protected":false},"featured_media":2672,"template":"","meta":[],"product_brand":[],"product_cat":[303],"product_tag":[98,32],"class_list":{"0":"post-9121","1":"product","2":"type-product","3":"status-publish","4":"has-post-thumbnail","6":"product_cat-servico-espera","7":"product_tag-agua","8":"product_tag-purificador","10":"first","11":"instock","12":"featured","13":"shipping-taxable","14":"purchasable","15":"product-type-simple"},"jetpack_sharing_enabled":true,"_links":{"self":[{"href":"https:\/\/assulba.com.br\/index.php?rest_route=\/wp\/v2\/product\/9121","targetHints":{"allow":["GET"]}}],"collection":[{"href":"https:\/\/assulba.com.br\/index.php?rest_route=\/wp\/v2\/product"}],"about":[{"href":"https:\/\/assulba.com.br\/index.php?rest_route=\/wp\/v2\/types\/product"}],"wp:featuredmedia":[{"embeddable":true,"href":"https:\/\/assulba.com.br\/index.php?rest_route=\/wp\/v2\/media\/2672"}],"wp:attachment":[{"href":"https:\/\/assulba.com.br\/index.php?rest_route=%2Fwp%2Fv2%2Fmedia&parent=9121"}],"wp:term":[{"taxonomy":"product_brand","embeddable":true,"href":"https:\/\/assulba.com.br\/index.php?rest_route=%2Fwp%2Fv2%2Fproduct_brand&post=9121"},{"taxonomy":"product_cat","embeddable":true,"href":"https:\/\/assulba.com.br\/index.php?rest_route=%2Fwp%2Fv2%2Fproduct_cat&post=9121"},{"taxonomy":"product_tag","embeddable":true,"href":"https:\/\/assulba.com.br\/index.php?rest_route=%2Fwp%2Fv2%2Fproduct_tag&post=9121"}],"curies":[{"name":"wp","href":"https:\/\/api.w.org\/{rel}","templated":true}]}}