{"id":9118,"date":"2023-01-07T19:27:04","date_gmt":"2023-01-07T22:27:04","guid":{"rendered":"https:\/\/assulba.com.br\/?post_type=product&#038;p=9118"},"modified":"2024-09-07T22:36:18","modified_gmt":"2024-09-08T01:36:18","slug":"lavadora-de-alta-pressao-hd-4-13-c-karcher","status":"publish","type":"product","link":"https:\/\/assulba.com.br\/?product=lavadora-de-alta-pressao-hd-4-13-c-karcher","title":{"rendered":"LAVADORA DE ALTA PRESS\u00c3O HD 4\/13 C KARCHER"},"content":{"rendered":"","protected":false},"excerpt":{"rendered":"<p>A lavadora HD 4\/13 C profissional Karcher possui suporte para os acess\u00f3rios, dois tipos de bico, motor de indu\u00e7\u00e3o e cabe\u00e7ote de alum\u00ednio para maior durabilidade. Vas\u00e3o de \u00e1gua 400 L\/h. Press\u00e3o 2100 psi. Pot\u00eancia 1900W.<\/p>\n","protected":false},"featured_media":9119,"template":"","meta":[],"product_brand":[],"product_cat":[135,310],"product_tag":[25,169],"class_list":{"0":"post-9118","1":"product","2":"type-product","3":"status-publish","4":"has-post-thumbnail","6":"product_cat-cat_limpeza","7":"product_cat-cat_limpeza_umida","8":"product_tag-karcher","9":"product_tag-lavadora","11":"first","12":"instock","13":"featured","14":"shipping-taxable","15":"purchasable","16":"product-type-simple"},"jetpack_sharing_enabled":true,"_links":{"self":[{"href":"https:\/\/assulba.com.br\/index.php?rest_route=\/wp\/v2\/product\/9118","targetHints":{"allow":["GET"]}}],"collection":[{"href":"https:\/\/assulba.com.br\/index.php?rest_route=\/wp\/v2\/product"}],"about":[{"href":"https:\/\/assulba.com.br\/index.php?rest_route=\/wp\/v2\/types\/product"}],"wp:featuredmedia":[{"embeddable":true,"href":"https:\/\/assulba.com.br\/index.php?rest_route=\/wp\/v2\/media\/9119"}],"wp:attachment":[{"href":"https:\/\/assulba.com.br\/index.php?rest_route=%2Fwp%2Fv2%2Fmedia&parent=9118"}],"wp:term":[{"taxonomy":"product_brand","embeddable":true,"href":"https:\/\/assulba.com.br\/index.php?rest_route=%2Fwp%2Fv2%2Fproduct_brand&post=9118"},{"taxonomy":"product_cat","embeddable":true,"href":"https:\/\/assulba.com.br\/index.php?rest_route=%2Fwp%2Fv2%2Fproduct_cat&post=9118"},{"taxonomy":"product_tag","embeddable":true,"href":"https:\/\/assulba.com.br\/index.php?rest_route=%2Fwp%2Fv2%2Fproduct_tag&post=9118"}],"curies":[{"name":"wp","href":"https:\/\/api.w.org\/{rel}","templated":true}]}}