{"id":9115,"date":"2023-01-07T18:52:31","date_gmt":"2023-01-07T21:52:31","guid":{"rendered":"https:\/\/assulba.com.br\/?post_type=product&#038;p=9115"},"modified":"2024-03-17T00:43:43","modified_gmt":"2024-03-17T03:43:43","slug":"gabinete-plastico-com-tanque","status":"publish","type":"product","link":"https:\/\/assulba.com.br\/?product=gabinete-plastico-com-tanque","title":{"rendered":"GABINETE PL\u00c1STICO COM TANQUE"},"content":{"rendered":"","protected":false},"excerpt":{"rendered":"<p>O gabinete pl\u00e1stico com tanque da Astra possui espa\u00e7o interno para armazenagem de produtos e equipamentos de limpeza. \u00c9 preso na parede e suspenso do ch\u00e3o. Facilmente instalado. Porta revers\u00edvel possibilitando a abertura nos dois lados. Inclui v\u00e1lvula, sif\u00e3o sanfonado e parafusos com bucha. Dimens\u00f5es: comprimento 43 cm, largura 51 cm, altura 78 cm.<\/p>\n","protected":false},"featured_media":9116,"template":"","meta":[],"product_brand":[],"product_cat":[311,159],"product_tag":[27,64],"class_list":{"0":"post-9115","1":"product","2":"type-product","3":"status-publish","4":"has-post-thumbnail","6":"product_cat-cat_baldes_e_carros","7":"product_cat-cat_moveis_play","8":"product_tag-limpeza","9":"product_tag-moveis","11":"first","12":"instock","13":"shipping-taxable","14":"purchasable","15":"product-type-simple"},"jetpack_sharing_enabled":true,"_links":{"self":[{"href":"https:\/\/assulba.com.br\/index.php?rest_route=\/wp\/v2\/product\/9115","targetHints":{"allow":["GET"]}}],"collection":[{"href":"https:\/\/assulba.com.br\/index.php?rest_route=\/wp\/v2\/product"}],"about":[{"href":"https:\/\/assulba.com.br\/index.php?rest_route=\/wp\/v2\/types\/product"}],"wp:featuredmedia":[{"embeddable":true,"href":"https:\/\/assulba.com.br\/index.php?rest_route=\/wp\/v2\/media\/9116"}],"wp:attachment":[{"href":"https:\/\/assulba.com.br\/index.php?rest_route=%2Fwp%2Fv2%2Fmedia&parent=9115"}],"wp:term":[{"taxonomy":"product_brand","embeddable":true,"href":"https:\/\/assulba.com.br\/index.php?rest_route=%2Fwp%2Fv2%2Fproduct_brand&post=9115"},{"taxonomy":"product_cat","embeddable":true,"href":"https:\/\/assulba.com.br\/index.php?rest_route=%2Fwp%2Fv2%2Fproduct_cat&post=9115"},{"taxonomy":"product_tag","embeddable":true,"href":"https:\/\/assulba.com.br\/index.php?rest_route=%2Fwp%2Fv2%2Fproduct_tag&post=9115"}],"curies":[{"name":"wp","href":"https:\/\/api.w.org\/{rel}","templated":true}]}}