{"id":9109,"date":"2023-01-07T18:29:32","date_gmt":"2023-01-07T21:29:32","guid":{"rendered":"https:\/\/assulba.com.br\/?post_type=product&#038;p=9109"},"modified":"2024-03-17T00:43:43","modified_gmt":"2024-03-17T03:43:43","slug":"pa-coletora-com-cabo-astra","status":"publish","type":"product","link":"https:\/\/assulba.com.br\/?product=pa-coletora-com-cabo-astra","title":{"rendered":"P\u00c1 COLETORA COM CABO ASTRA"},"content":{"rendered":"","protected":false},"excerpt":{"rendered":"<p>P\u00e1 coletora verde oliva com cabo remov\u00edvel. Possui limpador de cerdas de vassouras. Cabo com altura de 77cm.<\/p>\n","protected":false},"featured_media":9110,"template":"","meta":[],"product_brand":[],"product_cat":[135,309],"product_tag":[52],"class_list":{"0":"post-9109","1":"product","2":"type-product","3":"status-publish","4":"has-post-thumbnail","6":"product_cat-cat_limpeza","7":"product_cat-cat_limpeza_seca","8":"product_tag-vassoura","10":"first","11":"instock","12":"shipping-taxable","13":"purchasable","14":"product-type-simple"},"jetpack_sharing_enabled":true,"_links":{"self":[{"href":"https:\/\/assulba.com.br\/index.php?rest_route=\/wp\/v2\/product\/9109","targetHints":{"allow":["GET"]}}],"collection":[{"href":"https:\/\/assulba.com.br\/index.php?rest_route=\/wp\/v2\/product"}],"about":[{"href":"https:\/\/assulba.com.br\/index.php?rest_route=\/wp\/v2\/types\/product"}],"wp:featuredmedia":[{"embeddable":true,"href":"https:\/\/assulba.com.br\/index.php?rest_route=\/wp\/v2\/media\/9110"}],"wp:attachment":[{"href":"https:\/\/assulba.com.br\/index.php?rest_route=%2Fwp%2Fv2%2Fmedia&parent=9109"}],"wp:term":[{"taxonomy":"product_brand","embeddable":true,"href":"https:\/\/assulba.com.br\/index.php?rest_route=%2Fwp%2Fv2%2Fproduct_brand&post=9109"},{"taxonomy":"product_cat","embeddable":true,"href":"https:\/\/assulba.com.br\/index.php?rest_route=%2Fwp%2Fv2%2Fproduct_cat&post=9109"},{"taxonomy":"product_tag","embeddable":true,"href":"https:\/\/assulba.com.br\/index.php?rest_route=%2Fwp%2Fv2%2Fproduct_tag&post=9109"}],"curies":[{"name":"wp","href":"https:\/\/api.w.org\/{rel}","templated":true}]}}