{"id":9107,"date":"2023-01-07T17:48:56","date_gmt":"2023-01-07T20:48:56","guid":{"rendered":"https:\/\/assulba.com.br\/?post_type=product&#038;p=9107"},"modified":"2024-03-17T00:43:43","modified_gmt":"2024-03-17T03:43:43","slug":"espelho-quadrado-astra","status":"publish","type":"product","link":"https:\/\/assulba.com.br\/?product=espelho-quadrado-astra","title":{"rendered":"ESPELHO QUADRADO ASTRA"},"content":{"rendered":"","protected":false},"excerpt":{"rendered":"<p>O espelho quadrado sem moldura, modelo Flamboi\u00e3, da Astra, possui protetor de borda, que impede a oxida\u00e7\u00e3o. \u00c9 de f\u00e1cil instala\u00e7\u00e3o e acompanha kit de fixa\u00e7\u00e3o. Dimens\u00f5es: 40cm x 40cm.<\/p>\n","protected":false},"featured_media":9108,"template":"","meta":[],"product_brand":[],"product_cat":[22],"product_tag":[83,86],"class_list":{"0":"post-9107","1":"product","2":"type-product","3":"status-publish","4":"has-post-thumbnail","6":"product_cat-banheiro","7":"product_tag-banheiro","8":"product_tag-espelho","10":"first","11":"instock","12":"shipping-taxable","13":"purchasable","14":"product-type-simple"},"jetpack_sharing_enabled":true,"_links":{"self":[{"href":"https:\/\/assulba.com.br\/index.php?rest_route=\/wp\/v2\/product\/9107","targetHints":{"allow":["GET"]}}],"collection":[{"href":"https:\/\/assulba.com.br\/index.php?rest_route=\/wp\/v2\/product"}],"about":[{"href":"https:\/\/assulba.com.br\/index.php?rest_route=\/wp\/v2\/types\/product"}],"wp:featuredmedia":[{"embeddable":true,"href":"https:\/\/assulba.com.br\/index.php?rest_route=\/wp\/v2\/media\/9108"}],"wp:attachment":[{"href":"https:\/\/assulba.com.br\/index.php?rest_route=%2Fwp%2Fv2%2Fmedia&parent=9107"}],"wp:term":[{"taxonomy":"product_brand","embeddable":true,"href":"https:\/\/assulba.com.br\/index.php?rest_route=%2Fwp%2Fv2%2Fproduct_brand&post=9107"},{"taxonomy":"product_cat","embeddable":true,"href":"https:\/\/assulba.com.br\/index.php?rest_route=%2Fwp%2Fv2%2Fproduct_cat&post=9107"},{"taxonomy":"product_tag","embeddable":true,"href":"https:\/\/assulba.com.br\/index.php?rest_route=%2Fwp%2Fv2%2Fproduct_tag&post=9107"}],"curies":[{"name":"wp","href":"https:\/\/api.w.org\/{rel}","templated":true}]}}