{"id":9101,"date":"2023-01-07T15:10:50","date_gmt":"2023-01-07T18:10:50","guid":{"rendered":"https:\/\/assulba.com.br\/?post_type=product&#038;p=9101"},"modified":"2024-03-17T00:43:43","modified_gmt":"2024-03-17T03:43:43","slug":"assento-sanitario-pop-astra","status":"publish","type":"product","link":"https:\/\/assulba.com.br\/?product=assento-sanitario-pop-astra","title":{"rendered":"ASSENTO SANIT\u00c1RIO POP ASTRA"},"content":{"rendered":"","protected":false},"excerpt":{"rendered":"<p>O assento sanit\u00e1rio Pop branco da Astra \u00e9 um assento econ\u00f4mico e confort\u00e1vel. Fabricado em polipropileno com superf\u00edcie lisa e brilhante. Indicado para lou\u00e7a oval.<\/p>\n","protected":false},"featured_media":9102,"template":"","meta":[],"product_brand":[],"product_cat":[22],"product_tag":[83],"class_list":{"0":"post-9101","1":"product","2":"type-product","3":"status-publish","4":"has-post-thumbnail","6":"product_cat-banheiro","7":"product_tag-banheiro","9":"first","10":"instock","11":"shipping-taxable","12":"purchasable","13":"product-type-simple"},"jetpack_sharing_enabled":true,"_links":{"self":[{"href":"https:\/\/assulba.com.br\/index.php?rest_route=\/wp\/v2\/product\/9101","targetHints":{"allow":["GET"]}}],"collection":[{"href":"https:\/\/assulba.com.br\/index.php?rest_route=\/wp\/v2\/product"}],"about":[{"href":"https:\/\/assulba.com.br\/index.php?rest_route=\/wp\/v2\/types\/product"}],"wp:featuredmedia":[{"embeddable":true,"href":"https:\/\/assulba.com.br\/index.php?rest_route=\/wp\/v2\/media\/9102"}],"wp:attachment":[{"href":"https:\/\/assulba.com.br\/index.php?rest_route=%2Fwp%2Fv2%2Fmedia&parent=9101"}],"wp:term":[{"taxonomy":"product_brand","embeddable":true,"href":"https:\/\/assulba.com.br\/index.php?rest_route=%2Fwp%2Fv2%2Fproduct_brand&post=9101"},{"taxonomy":"product_cat","embeddable":true,"href":"https:\/\/assulba.com.br\/index.php?rest_route=%2Fwp%2Fv2%2Fproduct_cat&post=9101"},{"taxonomy":"product_tag","embeddable":true,"href":"https:\/\/assulba.com.br\/index.php?rest_route=%2Fwp%2Fv2%2Fproduct_tag&post=9101"}],"curies":[{"name":"wp","href":"https:\/\/api.w.org\/{rel}","templated":true}]}}