{"id":9012,"date":"2022-10-23T11:40:10","date_gmt":"2022-10-23T14:40:10","guid":{"rendered":"https:\/\/assulba.com.br\/?post_type=product&#038;p=9012"},"modified":"2024-03-17T00:43:44","modified_gmt":"2024-03-17T03:43:44","slug":"lixeira-16l-com-pedal-balde-interno-lar-plasticos","status":"publish","type":"product","link":"https:\/\/assulba.com.br\/?product=lixeira-16l-com-pedal-balde-interno-lar-plasticos","title":{"rendered":"LIXEIRA 16L COM PEDAL BALDE INTERNO LAR PL\u00c1STICOS"},"content":{"rendered":"","protected":false},"excerpt":{"rendered":"<p>Lixeira com capacidade de 16 litros (volume) e balde interno remov\u00edvel. O saco de lixo \u00e9 colocado no interior do balde e preso em suas bordas. Projetada com resist\u00eancia para uso intensivo em ambientes com alto fluxo de pessoas.<\/p>\n","protected":false},"featured_media":9013,"template":"","meta":[],"product_brand":[],"product_cat":[21,316],"product_tag":[70,72],"class_list":{"0":"post-9012","1":"product","2":"type-product","3":"status-publish","4":"has-post-thumbnail","6":"product_cat-cat_lixeiras","7":"product_cat-cat_plast-pedal","8":"product_tag-lixeiras","9":"product_tag-pedal","11":"first","12":"instock","13":"shipping-taxable","14":"purchasable","15":"product-type-simple"},"jetpack_sharing_enabled":true,"_links":{"self":[{"href":"https:\/\/assulba.com.br\/index.php?rest_route=\/wp\/v2\/product\/9012","targetHints":{"allow":["GET"]}}],"collection":[{"href":"https:\/\/assulba.com.br\/index.php?rest_route=\/wp\/v2\/product"}],"about":[{"href":"https:\/\/assulba.com.br\/index.php?rest_route=\/wp\/v2\/types\/product"}],"wp:featuredmedia":[{"embeddable":true,"href":"https:\/\/assulba.com.br\/index.php?rest_route=\/wp\/v2\/media\/9013"}],"wp:attachment":[{"href":"https:\/\/assulba.com.br\/index.php?rest_route=%2Fwp%2Fv2%2Fmedia&parent=9012"}],"wp:term":[{"taxonomy":"product_brand","embeddable":true,"href":"https:\/\/assulba.com.br\/index.php?rest_route=%2Fwp%2Fv2%2Fproduct_brand&post=9012"},{"taxonomy":"product_cat","embeddable":true,"href":"https:\/\/assulba.com.br\/index.php?rest_route=%2Fwp%2Fv2%2Fproduct_cat&post=9012"},{"taxonomy":"product_tag","embeddable":true,"href":"https:\/\/assulba.com.br\/index.php?rest_route=%2Fwp%2Fv2%2Fproduct_tag&post=9012"}],"curies":[{"name":"wp","href":"https:\/\/api.w.org\/{rel}","templated":true}]}}