{"id":8992,"date":"2022-09-23T21:31:22","date_gmt":"2022-09-24T00:31:22","guid":{"rendered":"https:\/\/assulba.com.br\/?post_type=product&#038;p=8992"},"modified":"2024-03-17T00:43:44","modified_gmt":"2024-03-17T03:43:44","slug":"banco-tres-taboas-em-madeira-ecologica","status":"publish","type":"product","link":"https:\/\/assulba.com.br\/?product=banco-tres-taboas-em-madeira-ecologica","title":{"rendered":"BANCO TR\u00caS T\u00c1BOAS EM MADEIRA ECOL\u00d3GICA"},"content":{"rendered":"","protected":false},"excerpt":{"rendered":"<p>Banco em madeira pl\u00e1stica ecol\u00f3gica. Pode ser colocado em local externo ou interno. Resistente \u00e0 chuva e sol. Dimens\u00f5es: comprimento 150cm x altura 40cm x largura 43cm.<\/p>\n","protected":false},"featured_media":8993,"template":"","meta":[],"product_brand":[],"product_cat":[159],"product_tag":[35,64],"class_list":{"0":"post-8992","1":"product","2":"type-product","3":"status-publish","4":"has-post-thumbnail","6":"product_cat-cat_moveis_play","7":"product_tag-jardim","8":"product_tag-moveis","10":"first","11":"instock","12":"shipping-taxable","13":"purchasable","14":"product-type-simple"},"jetpack_sharing_enabled":true,"_links":{"self":[{"href":"https:\/\/assulba.com.br\/index.php?rest_route=\/wp\/v2\/product\/8992","targetHints":{"allow":["GET"]}}],"collection":[{"href":"https:\/\/assulba.com.br\/index.php?rest_route=\/wp\/v2\/product"}],"about":[{"href":"https:\/\/assulba.com.br\/index.php?rest_route=\/wp\/v2\/types\/product"}],"wp:featuredmedia":[{"embeddable":true,"href":"https:\/\/assulba.com.br\/index.php?rest_route=\/wp\/v2\/media\/8993"}],"wp:attachment":[{"href":"https:\/\/assulba.com.br\/index.php?rest_route=%2Fwp%2Fv2%2Fmedia&parent=8992"}],"wp:term":[{"taxonomy":"product_brand","embeddable":true,"href":"https:\/\/assulba.com.br\/index.php?rest_route=%2Fwp%2Fv2%2Fproduct_brand&post=8992"},{"taxonomy":"product_cat","embeddable":true,"href":"https:\/\/assulba.com.br\/index.php?rest_route=%2Fwp%2Fv2%2Fproduct_cat&post=8992"},{"taxonomy":"product_tag","embeddable":true,"href":"https:\/\/assulba.com.br\/index.php?rest_route=%2Fwp%2Fv2%2Fproduct_tag&post=8992"}],"curies":[{"name":"wp","href":"https:\/\/api.w.org\/{rel}","templated":true}]}}