{"id":8956,"date":"2022-08-28T16:29:54","date_gmt":"2022-08-28T19:29:54","guid":{"rendered":"https:\/\/assulba.com.br\/?post_type=product&#038;p=8956"},"modified":"2024-03-17T00:43:44","modified_gmt":"2024-03-17T03:43:44","slug":"mesa-em-madeira-plastica-ecologica","status":"publish","type":"product","link":"https:\/\/assulba.com.br\/?product=mesa-em-madeira-plastica-ecologica","title":{"rendered":"MESA EM MADEIRA ECOL\u00d3GICA"},"content":{"rendered":"","protected":false},"excerpt":{"rendered":"<p>Mesa em madeira pl\u00e1stica ideal para jardins, espa\u00e7os de lazer, bares, entre outros. Pode ser colocada em \u00e1rea externa. Possui maior resist\u00eancia que a madeira natural. Dimens\u00f5es 75cm x 75cm x 72cm.<\/p>\n","protected":false},"featured_media":8958,"template":"","meta":[],"product_brand":[],"product_cat":[159],"product_tag":[35,64],"class_list":{"0":"post-8956","1":"product","2":"type-product","3":"status-publish","4":"has-post-thumbnail","6":"product_cat-cat_moveis_play","7":"product_tag-jardim","8":"product_tag-moveis","10":"first","11":"instock","12":"shipping-taxable","13":"purchasable","14":"product-type-simple"},"jetpack_sharing_enabled":true,"_links":{"self":[{"href":"https:\/\/assulba.com.br\/index.php?rest_route=\/wp\/v2\/product\/8956","targetHints":{"allow":["GET"]}}],"collection":[{"href":"https:\/\/assulba.com.br\/index.php?rest_route=\/wp\/v2\/product"}],"about":[{"href":"https:\/\/assulba.com.br\/index.php?rest_route=\/wp\/v2\/types\/product"}],"wp:featuredmedia":[{"embeddable":true,"href":"https:\/\/assulba.com.br\/index.php?rest_route=\/wp\/v2\/media\/8958"}],"wp:attachment":[{"href":"https:\/\/assulba.com.br\/index.php?rest_route=%2Fwp%2Fv2%2Fmedia&parent=8956"}],"wp:term":[{"taxonomy":"product_brand","embeddable":true,"href":"https:\/\/assulba.com.br\/index.php?rest_route=%2Fwp%2Fv2%2Fproduct_brand&post=8956"},{"taxonomy":"product_cat","embeddable":true,"href":"https:\/\/assulba.com.br\/index.php?rest_route=%2Fwp%2Fv2%2Fproduct_cat&post=8956"},{"taxonomy":"product_tag","embeddable":true,"href":"https:\/\/assulba.com.br\/index.php?rest_route=%2Fwp%2Fv2%2Fproduct_tag&post=8956"}],"curies":[{"name":"wp","href":"https:\/\/api.w.org\/{rel}","templated":true}]}}