{"id":8920,"date":"2022-07-02T15:05:07","date_gmt":"2022-07-02T18:05:07","guid":{"rendered":"https:\/\/assulba.com.br\/?post_type=product&#038;p=8920"},"modified":"2024-09-07T22:33:46","modified_gmt":"2024-09-08T01:33:46","slug":"dispenser-em-inox-de-sabonete-e-alcool-brinox","status":"publish","type":"product","link":"https:\/\/assulba.com.br\/?product=dispenser-em-inox-de-sabonete-e-alcool-brinox","title":{"rendered":"DISPENSER EM INOX DE SABONETE E \u00c1LCOOL BRINOX"},"content":{"rendered":"","protected":false},"excerpt":{"rendered":"<p>Dispensador de sabonete l\u00edquido ou \u00e1lcool gel com reservat\u00f3rio para 800ml. Produzido em a\u00e7o inox escovado e pl\u00e1stico. \u00d3timo acabamento e resist\u00eancia.<\/p>\n","protected":false},"featured_media":8921,"template":"","meta":[],"product_brand":[],"product_cat":[22],"product_tag":[91,95],"class_list":{"0":"post-8920","1":"product","2":"type-product","3":"status-publish","4":"has-post-thumbnail","6":"product_cat-banheiro","7":"product_tag-dispenser","8":"product_tag-saboneteira","10":"first","11":"instock","12":"featured","13":"shipping-taxable","14":"purchasable","15":"product-type-simple"},"jetpack_sharing_enabled":true,"_links":{"self":[{"href":"https:\/\/assulba.com.br\/index.php?rest_route=\/wp\/v2\/product\/8920","targetHints":{"allow":["GET"]}}],"collection":[{"href":"https:\/\/assulba.com.br\/index.php?rest_route=\/wp\/v2\/product"}],"about":[{"href":"https:\/\/assulba.com.br\/index.php?rest_route=\/wp\/v2\/types\/product"}],"wp:featuredmedia":[{"embeddable":true,"href":"https:\/\/assulba.com.br\/index.php?rest_route=\/wp\/v2\/media\/8921"}],"wp:attachment":[{"href":"https:\/\/assulba.com.br\/index.php?rest_route=%2Fwp%2Fv2%2Fmedia&parent=8920"}],"wp:term":[{"taxonomy":"product_brand","embeddable":true,"href":"https:\/\/assulba.com.br\/index.php?rest_route=%2Fwp%2Fv2%2Fproduct_brand&post=8920"},{"taxonomy":"product_cat","embeddable":true,"href":"https:\/\/assulba.com.br\/index.php?rest_route=%2Fwp%2Fv2%2Fproduct_cat&post=8920"},{"taxonomy":"product_tag","embeddable":true,"href":"https:\/\/assulba.com.br\/index.php?rest_route=%2Fwp%2Fv2%2Fproduct_tag&post=8920"}],"curies":[{"name":"wp","href":"https:\/\/api.w.org\/{rel}","templated":true}]}}