{"id":8863,"date":"2022-05-09T20:28:13","date_gmt":"2022-05-09T23:28:13","guid":{"rendered":"https:\/\/assulba.com.br\/?post_type=product&#038;p=8863"},"modified":"2024-03-17T00:43:44","modified_gmt":"2024-03-17T03:43:44","slug":"armacoes-plus-mop-po-bralimpia","status":"publish","type":"product","link":"https:\/\/assulba.com.br\/?product=armacoes-plus-mop-po-bralimpia","title":{"rendered":"ARMA\u00c7\u00d5ES PLUS MOP P\u00d3 BRALIMPIA"},"content":{"rendered":"","protected":false},"excerpt":{"rendered":"<p>As Arma\u00e7\u00f5es Plus plasticas para Mop P\u00f3 n\u00e3o oxidam como as de metal e acabam sendo mais higi\u00eanicas. S\u00e3o voltadas para uso profissional, assim como as met\u00e1licas. Utilizada com os <a href=\"https:\/\/assulba.com.br\/?product=refil-algodao-mop-po-com-loop-bralimpia\"><span style=\"text-decoration: underline;\">Refis Mop P\u00f3<\/span><\/a> e <a href=\"https:\/\/assulba.com.br\/?product=cabo-de-aluminio-natural-140m-com-furo\"><span style=\"text-decoration: underline;\">Cabo de Alum\u00ednio<\/span><\/a>. Dispon\u00edveis nos tamanhos de 40 e 60 cm.<\/p>\n","protected":false},"featured_media":8865,"template":"","meta":[],"product_brand":[],"product_cat":[135,309],"product_tag":[131,27,110],"class_list":{"0":"post-8863","1":"product","2":"type-product","3":"status-publish","4":"has-post-thumbnail","6":"product_cat-cat_limpeza","7":"product_cat-cat_limpeza_seca","8":"product_tag-bralimpia","9":"product_tag-limpeza","10":"product_tag-mops","12":"first","13":"instock","14":"shipping-taxable","15":"purchasable","16":"product-type-simple"},"jetpack_sharing_enabled":true,"_links":{"self":[{"href":"https:\/\/assulba.com.br\/index.php?rest_route=\/wp\/v2\/product\/8863","targetHints":{"allow":["GET"]}}],"collection":[{"href":"https:\/\/assulba.com.br\/index.php?rest_route=\/wp\/v2\/product"}],"about":[{"href":"https:\/\/assulba.com.br\/index.php?rest_route=\/wp\/v2\/types\/product"}],"wp:featuredmedia":[{"embeddable":true,"href":"https:\/\/assulba.com.br\/index.php?rest_route=\/wp\/v2\/media\/8865"}],"wp:attachment":[{"href":"https:\/\/assulba.com.br\/index.php?rest_route=%2Fwp%2Fv2%2Fmedia&parent=8863"}],"wp:term":[{"taxonomy":"product_brand","embeddable":true,"href":"https:\/\/assulba.com.br\/index.php?rest_route=%2Fwp%2Fv2%2Fproduct_brand&post=8863"},{"taxonomy":"product_cat","embeddable":true,"href":"https:\/\/assulba.com.br\/index.php?rest_route=%2Fwp%2Fv2%2Fproduct_cat&post=8863"},{"taxonomy":"product_tag","embeddable":true,"href":"https:\/\/assulba.com.br\/index.php?rest_route=%2Fwp%2Fv2%2Fproduct_tag&post=8863"}],"curies":[{"name":"wp","href":"https:\/\/api.w.org\/{rel}","templated":true}]}}