{"id":8852,"date":"2022-05-08T21:01:43","date_gmt":"2022-05-09T00:01:43","guid":{"rendered":"https:\/\/assulba.com.br\/?post_type=product&#038;p=8852"},"modified":"2024-03-17T00:43:44","modified_gmt":"2024-03-17T03:43:44","slug":"cone-placa-sinalizacao-nao-entre-bralimpia","status":"publish","type":"product","link":"https:\/\/assulba.com.br\/?product=cone-placa-sinalizacao-nao-entre-bralimpia","title":{"rendered":"CONE-PLACA SINALIZA\u00c7\u00c3O &#8220;N\u00c3O ENTRE&#8221; BRALIMPIA"},"content":{"rendered":"","protected":false},"excerpt":{"rendered":"<p>Produto robusto em pl\u00e1stico com alta resist\u00eancia. Composto por cone e placa para encaixe no topo. Possui mensagem gravada, em ambas as pe\u00e7as, resistente \u00e0 riscos. No caso de haver duas unidades ou mais, pode ser utilizada corrente pl\u00e1stica ou fita entre os cones, delimitando o ambiente e evitando a passagem de transeuntes. Ocupam espa\u00e7o reduzido de armazenamento quando empilhados.<\/p>\n<p><iframe loading=\"lazy\" width=\"560\" height=\"315\" src=\"https:\/\/www.youtube-nocookie.com\/embed\/UHWJMBJ2nOI?controls=0\" title=\"YouTube video player\" frameborder=\"0\" allow=\"accelerometer; autoplay; clipboard-write; encrypted-media; gyroscope; picture-in-picture\" allowfullscreen><\/iframe><\/p>\n","protected":false},"featured_media":8853,"template":"","meta":[],"product_brand":[],"product_cat":[160,312],"product_tag":[127,17],"class_list":{"0":"post-8852","1":"product","2":"type-product","3":"status-publish","4":"has-post-thumbnail","6":"product_cat-cat_seguranca","7":"product_cat-cat-reparos","8":"product_tag-seguranca","9":"product_tag-sinalizacao","11":"first","12":"instock","13":"shipping-taxable","14":"purchasable","15":"product-type-simple"},"jetpack_sharing_enabled":true,"_links":{"self":[{"href":"https:\/\/assulba.com.br\/index.php?rest_route=\/wp\/v2\/product\/8852","targetHints":{"allow":["GET"]}}],"collection":[{"href":"https:\/\/assulba.com.br\/index.php?rest_route=\/wp\/v2\/product"}],"about":[{"href":"https:\/\/assulba.com.br\/index.php?rest_route=\/wp\/v2\/types\/product"}],"wp:featuredmedia":[{"embeddable":true,"href":"https:\/\/assulba.com.br\/index.php?rest_route=\/wp\/v2\/media\/8853"}],"wp:attachment":[{"href":"https:\/\/assulba.com.br\/index.php?rest_route=%2Fwp%2Fv2%2Fmedia&parent=8852"}],"wp:term":[{"taxonomy":"product_brand","embeddable":true,"href":"https:\/\/assulba.com.br\/index.php?rest_route=%2Fwp%2Fv2%2Fproduct_brand&post=8852"},{"taxonomy":"product_cat","embeddable":true,"href":"https:\/\/assulba.com.br\/index.php?rest_route=%2Fwp%2Fv2%2Fproduct_cat&post=8852"},{"taxonomy":"product_tag","embeddable":true,"href":"https:\/\/assulba.com.br\/index.php?rest_route=%2Fwp%2Fv2%2Fproduct_tag&post=8852"}],"curies":[{"name":"wp","href":"https:\/\/api.w.org\/{rel}","templated":true}]}}