{"id":8843,"date":"2022-05-08T18:58:10","date_gmt":"2022-05-08T21:58:10","guid":{"rendered":"https:\/\/assulba.com.br\/?post_type=product&#038;p=8843"},"modified":"2024-03-17T00:43:44","modified_gmt":"2024-03-17T03:43:44","slug":"balde-retangular-25l-com-tampa-hermetica-bralimpia","status":"publish","type":"product","link":"https:\/\/assulba.com.br\/?product=balde-retangular-25l-com-tampa-hermetica-bralimpia","title":{"rendered":"BALDE RETANGULAR 25L COM TAMPA HERM\u00c9TICA BRALIMPIA"},"content":{"rendered":"","protected":false},"excerpt":{"rendered":"<p>Balde refor\u00e7ado e tampa com sistema de veda\u00e7\u00e3o contra contamina\u00e7\u00e3o ou vazamento de l\u00edquidos. Com filete emborrachado na \u00e1rea de contato da borda, a tampa \u00e9 fixada por oito travas de press\u00e3o, impedindo sua abertura acidental. O formato retangular alongado facilita o enxague de limpadores com at\u00e9 55 cm de largura. Dimens\u00f5es: Larg. 57cm x Prof. 21cm x Alt. 27cm.<\/p>\n<p><iframe loading=\"lazy\" width=\"560\" height=\"315\" src=\"https:\/\/www.youtube-nocookie.com\/embed\/tGSB7ly4DxQ\" title=\"YouTube video player\" frameborder=\"0\" allow=\"accelerometer; autoplay; clipboard-write; encrypted-media; gyroscope; picture-in-picture\" allowfullscreen><\/iframe><\/p>\n","protected":false},"featured_media":8845,"template":"","meta":[],"product_brand":[],"product_cat":[135,311],"product_tag":[108,131,27],"class_list":{"0":"post-8843","1":"product","2":"type-product","3":"status-publish","4":"has-post-thumbnail","6":"product_cat-cat_limpeza","7":"product_cat-cat_baldes_e_carros","8":"product_tag-balde","9":"product_tag-bralimpia","10":"product_tag-limpeza","12":"first","13":"instock","14":"shipping-taxable","15":"purchasable","16":"product-type-simple"},"jetpack_sharing_enabled":true,"_links":{"self":[{"href":"https:\/\/assulba.com.br\/index.php?rest_route=\/wp\/v2\/product\/8843","targetHints":{"allow":["GET"]}}],"collection":[{"href":"https:\/\/assulba.com.br\/index.php?rest_route=\/wp\/v2\/product"}],"about":[{"href":"https:\/\/assulba.com.br\/index.php?rest_route=\/wp\/v2\/types\/product"}],"wp:featuredmedia":[{"embeddable":true,"href":"https:\/\/assulba.com.br\/index.php?rest_route=\/wp\/v2\/media\/8845"}],"wp:attachment":[{"href":"https:\/\/assulba.com.br\/index.php?rest_route=%2Fwp%2Fv2%2Fmedia&parent=8843"}],"wp:term":[{"taxonomy":"product_brand","embeddable":true,"href":"https:\/\/assulba.com.br\/index.php?rest_route=%2Fwp%2Fv2%2Fproduct_brand&post=8843"},{"taxonomy":"product_cat","embeddable":true,"href":"https:\/\/assulba.com.br\/index.php?rest_route=%2Fwp%2Fv2%2Fproduct_cat&post=8843"},{"taxonomy":"product_tag","embeddable":true,"href":"https:\/\/assulba.com.br\/index.php?rest_route=%2Fwp%2Fv2%2Fproduct_tag&post=8843"}],"curies":[{"name":"wp","href":"https:\/\/api.w.org\/{rel}","templated":true}]}}