{"id":8838,"date":"2022-05-08T16:51:05","date_gmt":"2022-05-08T19:51:05","guid":{"rendered":"https:\/\/assulba.com.br\/?post_type=product&#038;p=8838"},"modified":"2024-03-17T00:43:44","modified_gmt":"2024-03-17T03:43:44","slug":"refil-mop-po-de-parede-profi-bralimpia","status":"publish","type":"product","link":"https:\/\/assulba.com.br\/?product=refil-mop-po-de-parede-profi-bralimpia","title":{"rendered":"REFIL MOP P\u00d3 DE PAREDE PROFI BRALIMPIA"},"content":{"rendered":"","protected":false},"excerpt":{"rendered":"<p>Refil de Mop ideal para limpar as paredes e o teto, retirando poeira, teias de aranha e outras part\u00edculas. \u00c9 utilizado no <a href=\"https:\/\/assulba.com.br\/?product=limpeza-suporte-limpa-tudo-lt\"><span style=\"text-decoration: underline;\">Suporte LT<\/span><\/a>, com <a href=\"https:\/\/assulba.com.br\/?product=cabo-de-aluminio-telescopico-140cm-bralimpia\"><span style=\"text-decoration: underline;\">Cabo de Alum\u00ednio Telesc\u00f3pico<\/span><\/a> ou com a <a href=\"https:\/\/assulba.com.br\/?product=limpeza-cabo-extensao-telescopica\"><span style=\"text-decoration: underline;\">Extens\u00e3o Telesc\u00f3pica<\/span><\/a>. O Refil Profi \u00e9 composto por fios 100% acr\u00edlicos que permitem uma reten\u00e7\u00e3o superior das part\u00edculas. Pode ser lavado.<\/p>\n","protected":false},"featured_media":8839,"template":"","meta":[],"product_brand":[],"product_cat":[135,309],"product_tag":[131,27,110,112],"class_list":{"0":"post-8838","1":"product","2":"type-product","3":"status-publish","4":"has-post-thumbnail","6":"product_cat-cat_limpeza","7":"product_cat-cat_limpeza_seca","8":"product_tag-bralimpia","9":"product_tag-limpeza","10":"product_tag-mops","11":"product_tag-refis","13":"first","14":"instock","15":"shipping-taxable","16":"purchasable","17":"product-type-simple"},"jetpack_sharing_enabled":true,"_links":{"self":[{"href":"https:\/\/assulba.com.br\/index.php?rest_route=\/wp\/v2\/product\/8838","targetHints":{"allow":["GET"]}}],"collection":[{"href":"https:\/\/assulba.com.br\/index.php?rest_route=\/wp\/v2\/product"}],"about":[{"href":"https:\/\/assulba.com.br\/index.php?rest_route=\/wp\/v2\/types\/product"}],"wp:featuredmedia":[{"embeddable":true,"href":"https:\/\/assulba.com.br\/index.php?rest_route=\/wp\/v2\/media\/8839"}],"wp:attachment":[{"href":"https:\/\/assulba.com.br\/index.php?rest_route=%2Fwp%2Fv2%2Fmedia&parent=8838"}],"wp:term":[{"taxonomy":"product_brand","embeddable":true,"href":"https:\/\/assulba.com.br\/index.php?rest_route=%2Fwp%2Fv2%2Fproduct_brand&post=8838"},{"taxonomy":"product_cat","embeddable":true,"href":"https:\/\/assulba.com.br\/index.php?rest_route=%2Fwp%2Fv2%2Fproduct_cat&post=8838"},{"taxonomy":"product_tag","embeddable":true,"href":"https:\/\/assulba.com.br\/index.php?rest_route=%2Fwp%2Fv2%2Fproduct_tag&post=8838"}],"curies":[{"name":"wp","href":"https:\/\/api.w.org\/{rel}","templated":true}]}}