{"id":8832,"date":"2022-05-08T15:54:00","date_gmt":"2022-05-08T18:54:00","guid":{"rendered":"https:\/\/assulba.com.br\/?post_type=product&#038;p=8832"},"modified":"2024-03-17T00:43:44","modified_gmt":"2024-03-17T03:43:44","slug":"carro-funcional-america-kit-completo-bralimpia","status":"publish","type":"product","link":"https:\/\/assulba.com.br\/?product=carro-funcional-america-kit-completo-bralimpia","title":{"rendered":"KIT CARRO FUNCIONAL AM\u00c9RICA COMPLETO BRALIMPIA"},"content":{"rendered":"","protected":false},"excerpt":{"rendered":"<p>Kit com a solu\u00e7\u00e3o completa para a limpeza profissional di\u00e1ria de pisos.<\/p>\n<p>a) <a href=\"https:\/\/assulba.com.br\/?product=carro-funcional\"><span style=\"text-decoration: underline;\">Carro Funcional Am\u00e9rica<\/span><\/a>: transporta todos os equipamentos necess\u00e1rios para limpeza<br \/>\nb) <a href=\"https:\/\/assulba.com.br\/?product=balde-espremedor\"><span style=\"text-decoration: underline;\">Balde Dobl\u00f4 30 Litros com sistema de 2 \u00e1guas<\/span><\/a>: separa a solu\u00e7\u00e3o limpadora da \u00e1gua limpa, permitindo a limpeza de \u00e1reas grandes em menos tempo.<br \/>\nc) Mop \u00damido (<a href=\"https:\/\/assulba.com.br\/?product=garra-euro\"><span style=\"text-decoration: underline;\">Garra Euro<\/span><\/a>, <a href=\"https:\/\/assulba.com.br\/?product=refil-mop-umido-2\"><span style=\"text-decoration: underline;\">Refil 320g<\/span><\/a>, <a href=\"https:\/\/assulba.com.br\/?product=cabos-ergonomicos-de-aluminio\"><span style=\"text-decoration: underline;\">Cabo de Alum\u00ednio 1,40 cm<\/span><\/a>): Mop profissional de limpeza, ideal para o espremedor do Balde Dobl\u00f4.<br \/>\nd) O Conjunto Mop P\u00f3 (<a href=\"https:\/\/assulba.com.br\/?product=armacao-mop-po-profi-bralimpia\"><span style=\"text-decoration: underline;\">Arma\u00e7\u00e3o Mop P\u00f3 Profi 60 cm<\/span><\/a>; <a href=\"https:\/\/assulba.com.br\/?product=refil-mop-po-prof-bralimpia\"><span style=\"text-decoration: underline;\">Refil P\u00f3 Profi 60 cm<\/span><\/a>, <a href=\"https:\/\/assulba.com.br\/?product=cabos-ergonomicos-de-aluminio\"><span style=\"text-decoration: underline;\">Cabo 1,40 cm<\/span><\/a>) e a P\u00e1 Pop (ver a <span style=\"text-decoration: underline;\"><a href=\"https:\/\/assulba.com.br\/?product=pa-coletora-plastica-3\">P\u00e1 c\/ Tampa<\/a><\/span>): &#8220;varre&#8221; o piso sem espalhar as part\u00edculas no ar.<br \/>\ne) <a href=\"https:\/\/assulba.com.br\/?product=sinalizacao-de-piso\"><span style=\"text-decoration: underline;\">Placa Sinalizadora<\/span><\/a>: previne acidentes.<\/p>\n<p><iframe loading=\"lazy\" width=\"560\" height=\"315\" src=\"https:\/\/www.youtube-nocookie.com\/embed\/rdyuUojQ1DA\" title=\"YouTube video player\" frameborder=\"0\" allow=\"accelerometer; autoplay; clipboard-write; encrypted-media; gyroscope; picture-in-picture\" allowfullscreen><\/iframe><\/p>\n","protected":false},"featured_media":8834,"template":"","meta":[],"product_brand":[],"product_cat":[311,135],"product_tag":[108,131,54,27,110],"class_list":{"0":"post-8832","1":"product","2":"type-product","3":"status-publish","4":"has-post-thumbnail","6":"product_cat-cat_baldes_e_carros","7":"product_cat-cat_limpeza","8":"product_tag-balde","9":"product_tag-bralimpia","10":"product_tag-carrinho","11":"product_tag-limpeza","12":"product_tag-mops","14":"first","15":"instock","16":"shipping-taxable","17":"purchasable","18":"product-type-simple"},"jetpack_sharing_enabled":true,"_links":{"self":[{"href":"https:\/\/assulba.com.br\/index.php?rest_route=\/wp\/v2\/product\/8832","targetHints":{"allow":["GET"]}}],"collection":[{"href":"https:\/\/assulba.com.br\/index.php?rest_route=\/wp\/v2\/product"}],"about":[{"href":"https:\/\/assulba.com.br\/index.php?rest_route=\/wp\/v2\/types\/product"}],"wp:featuredmedia":[{"embeddable":true,"href":"https:\/\/assulba.com.br\/index.php?rest_route=\/wp\/v2\/media\/8834"}],"wp:attachment":[{"href":"https:\/\/assulba.com.br\/index.php?rest_route=%2Fwp%2Fv2%2Fmedia&parent=8832"}],"wp:term":[{"taxonomy":"product_brand","embeddable":true,"href":"https:\/\/assulba.com.br\/index.php?rest_route=%2Fwp%2Fv2%2Fproduct_brand&post=8832"},{"taxonomy":"product_cat","embeddable":true,"href":"https:\/\/assulba.com.br\/index.php?rest_route=%2Fwp%2Fv2%2Fproduct_cat&post=8832"},{"taxonomy":"product_tag","embeddable":true,"href":"https:\/\/assulba.com.br\/index.php?rest_route=%2Fwp%2Fv2%2Fproduct_tag&post=8832"}],"curies":[{"name":"wp","href":"https:\/\/api.w.org\/{rel}","templated":true}]}}