{"id":8826,"date":"2022-05-08T13:45:07","date_gmt":"2022-05-08T16:45:07","guid":{"rendered":"https:\/\/assulba.com.br\/?post_type=product&#038;p=8826"},"modified":"2024-03-17T00:43:44","modified_gmt":"2024-03-17T03:43:44","slug":"suporte-manual-para-fibra-bralimpia","status":"publish","type":"product","link":"https:\/\/assulba.com.br\/?product=suporte-manual-para-fibra-bralimpia","title":{"rendered":"SUPORTE MANUAL PARA FIBRA BRALIMPIA"},"content":{"rendered":"","protected":false},"excerpt":{"rendered":"<p>O Suporte Manual para fibras melhora o desempenho na realiza\u00e7\u00e3o da limpeza e protege as m\u00e3os do usu\u00e1rio. Possui ganchos de fixa\u00e7\u00e3o na base que mant\u00e9m a fibra fixa. Veja os links com as op\u00e7\u00f5es de fibras <span style=\"text-decoration: underline;\"><a href=\"https:\/\/assulba.com.br\/?product=fibra-macia-em-pacote-10-unids-bralimpia\">Macia<\/a><\/span> e <span style=\"text-decoration: underline;\"><a href=\"https:\/\/assulba.com.br\/?product=fibra\">Pesada<\/a><\/span> para o uso no Suporte.. Dimens\u00f5es: 12cm x 9cm.<\/p>\n","protected":false},"featured_media":8829,"template":"","meta":[],"product_brand":[],"product_cat":[135,310],"product_tag":[131,27,130],"class_list":{"0":"post-8826","1":"product","2":"type-product","3":"status-publish","4":"has-post-thumbnail","6":"product_cat-cat_limpeza","7":"product_cat-cat_limpeza_umida","8":"product_tag-bralimpia","9":"product_tag-limpeza","10":"product_tag-suportes","12":"first","13":"instock","14":"shipping-taxable","15":"purchasable","16":"product-type-simple"},"jetpack_sharing_enabled":true,"_links":{"self":[{"href":"https:\/\/assulba.com.br\/index.php?rest_route=\/wp\/v2\/product\/8826","targetHints":{"allow":["GET"]}}],"collection":[{"href":"https:\/\/assulba.com.br\/index.php?rest_route=\/wp\/v2\/product"}],"about":[{"href":"https:\/\/assulba.com.br\/index.php?rest_route=\/wp\/v2\/types\/product"}],"wp:featuredmedia":[{"embeddable":true,"href":"https:\/\/assulba.com.br\/index.php?rest_route=\/wp\/v2\/media\/8829"}],"wp:attachment":[{"href":"https:\/\/assulba.com.br\/index.php?rest_route=%2Fwp%2Fv2%2Fmedia&parent=8826"}],"wp:term":[{"taxonomy":"product_brand","embeddable":true,"href":"https:\/\/assulba.com.br\/index.php?rest_route=%2Fwp%2Fv2%2Fproduct_brand&post=8826"},{"taxonomy":"product_cat","embeddable":true,"href":"https:\/\/assulba.com.br\/index.php?rest_route=%2Fwp%2Fv2%2Fproduct_cat&post=8826"},{"taxonomy":"product_tag","embeddable":true,"href":"https:\/\/assulba.com.br\/index.php?rest_route=%2Fwp%2Fv2%2Fproduct_tag&post=8826"}],"curies":[{"name":"wp","href":"https:\/\/api.w.org\/{rel}","templated":true}]}}