{"id":8821,"date":"2022-05-08T13:25:20","date_gmt":"2022-05-08T16:25:20","guid":{"rendered":"https:\/\/assulba.com.br\/?post_type=product&#038;p=8821"},"modified":"2024-03-17T00:43:44","modified_gmt":"2024-03-17T03:43:44","slug":"fibra-macia-em-pacote-10-unids-bralimpia","status":"publish","type":"product","link":"https:\/\/assulba.com.br\/?product=fibra-macia-em-pacote-10-unids-bralimpia","title":{"rendered":"FIBRA MACIA EM PACOTE 10 UNIDS BRALIMPIA"},"content":{"rendered":"","protected":false},"excerpt":{"rendered":"<p>Ideal para realizar a limpeza sem riscar superf\u00edcies sens\u00edveis. Por exemplo, na limpeza de vidros, espelhos, a\u00e7o inox, cromados, esmaltados e porcelanatos. Normalmente utilizada no <span style=\"text-decoration: underline;\"><a href=\"https:\/\/assulba.com.br\/?product=limpeza-suporte-limpa-tudo-lt\">Suporte Limpa Tudo<\/a><\/span> ou no <span style=\"text-decoration: underline;\"><a href=\"https:\/\/assulba.com.br\/?product=suporte-manual-para-fibra-bralimpia\">Suporte Manual<\/a><\/span>. Dimens\u00f5es: 26cm x 10cm.<\/p>\n","protected":false},"featured_media":8825,"template":"","meta":[],"product_brand":[],"product_cat":[135,310],"product_tag":[86,27,112],"class_list":{"0":"post-8821","1":"product","2":"type-product","3":"status-publish","4":"has-post-thumbnail","6":"product_cat-cat_limpeza","7":"product_cat-cat_limpeza_umida","8":"product_tag-espelho","9":"product_tag-limpeza","10":"product_tag-refis","12":"first","13":"instock","14":"shipping-taxable","15":"purchasable","16":"product-type-simple"},"jetpack_sharing_enabled":true,"_links":{"self":[{"href":"https:\/\/assulba.com.br\/index.php?rest_route=\/wp\/v2\/product\/8821","targetHints":{"allow":["GET"]}}],"collection":[{"href":"https:\/\/assulba.com.br\/index.php?rest_route=\/wp\/v2\/product"}],"about":[{"href":"https:\/\/assulba.com.br\/index.php?rest_route=\/wp\/v2\/types\/product"}],"wp:featuredmedia":[{"embeddable":true,"href":"https:\/\/assulba.com.br\/index.php?rest_route=\/wp\/v2\/media\/8825"}],"wp:attachment":[{"href":"https:\/\/assulba.com.br\/index.php?rest_route=%2Fwp%2Fv2%2Fmedia&parent=8821"}],"wp:term":[{"taxonomy":"product_brand","embeddable":true,"href":"https:\/\/assulba.com.br\/index.php?rest_route=%2Fwp%2Fv2%2Fproduct_brand&post=8821"},{"taxonomy":"product_cat","embeddable":true,"href":"https:\/\/assulba.com.br\/index.php?rest_route=%2Fwp%2Fv2%2Fproduct_cat&post=8821"},{"taxonomy":"product_tag","embeddable":true,"href":"https:\/\/assulba.com.br\/index.php?rest_route=%2Fwp%2Fv2%2Fproduct_tag&post=8821"}],"curies":[{"name":"wp","href":"https:\/\/api.w.org\/{rel}","templated":true}]}}