{"id":8746,"date":"2022-04-21T22:22:02","date_gmt":"2022-04-22T01:22:02","guid":{"rendered":"https:\/\/assulba.com.br\/?post_type=product&#038;p=8746"},"modified":"2024-03-17T00:43:45","modified_gmt":"2024-03-17T03:43:45","slug":"lixeira-com-pedal-15l-bralimpia-2","status":"publish","type":"product","link":"https:\/\/assulba.com.br\/?product=lixeira-com-pedal-15l-bralimpia-2","title":{"rendered":"LIXEIRA COM PEDAL 15L BRALIMPIA"},"content":{"rendered":"","protected":false},"excerpt":{"rendered":"<p>Lixeira com pedal de alta durabilidade da Bralimpia, capacidade 15 litros. Indicada para condom\u00ednios, hospitais, espa\u00e7os comerciais, laborat\u00f3rios e restaurantes.<\/p>\n","protected":false},"featured_media":8747,"template":"","meta":[],"product_brand":[],"product_cat":[21,316],"product_tag":[70,72],"class_list":{"0":"post-8746","1":"product","2":"type-product","3":"status-publish","4":"has-post-thumbnail","6":"product_cat-cat_lixeiras","7":"product_cat-cat_plast-pedal","8":"product_tag-lixeiras","9":"product_tag-pedal","11":"first","12":"instock","13":"shipping-taxable","14":"purchasable","15":"product-type-simple"},"jetpack_sharing_enabled":true,"_links":{"self":[{"href":"https:\/\/assulba.com.br\/index.php?rest_route=\/wp\/v2\/product\/8746","targetHints":{"allow":["GET"]}}],"collection":[{"href":"https:\/\/assulba.com.br\/index.php?rest_route=\/wp\/v2\/product"}],"about":[{"href":"https:\/\/assulba.com.br\/index.php?rest_route=\/wp\/v2\/types\/product"}],"wp:featuredmedia":[{"embeddable":true,"href":"https:\/\/assulba.com.br\/index.php?rest_route=\/wp\/v2\/media\/8747"}],"wp:attachment":[{"href":"https:\/\/assulba.com.br\/index.php?rest_route=%2Fwp%2Fv2%2Fmedia&parent=8746"}],"wp:term":[{"taxonomy":"product_brand","embeddable":true,"href":"https:\/\/assulba.com.br\/index.php?rest_route=%2Fwp%2Fv2%2Fproduct_brand&post=8746"},{"taxonomy":"product_cat","embeddable":true,"href":"https:\/\/assulba.com.br\/index.php?rest_route=%2Fwp%2Fv2%2Fproduct_cat&post=8746"},{"taxonomy":"product_tag","embeddable":true,"href":"https:\/\/assulba.com.br\/index.php?rest_route=%2Fwp%2Fv2%2Fproduct_tag&post=8746"}],"curies":[{"name":"wp","href":"https:\/\/api.w.org\/{rel}","templated":true}]}}