{"id":8699,"date":"2022-04-15T14:35:54","date_gmt":"2022-04-15T17:35:54","guid":{"rendered":"https:\/\/assulba.com.br\/?post_type=product&#038;p=8699"},"modified":"2024-03-17T00:43:45","modified_gmt":"2024-03-17T03:43:45","slug":"lixeira-com-pedal-50l-plasvale","status":"publish","type":"product","link":"https:\/\/assulba.com.br\/?product=lixeira-com-pedal-50l-plasvale","title":{"rendered":"LIXEIRA COM PEDAL 50L PLASVALE"},"content":{"rendered":"","protected":false},"excerpt":{"rendered":"<p>Lixeira pl\u00e1stica branca com pedal, ideal para uso em ambientes com grande fluxo de pessoas, por sua alta resist\u00eancia. Capacidade de 50L. Dimens\u00f5es: C 42,2 \u00d7 L 44,5 \u00d7 A 56 cm<\/p>\n<p><iframe loading=\"lazy\" width=\"560\" height=\"315\" src=\"https:\/\/www.youtube-nocookie.com\/embed\/YWDegvX4Pr4\" title=\"YouTube video player\" frameborder=\"0\" allow=\"accelerometer; autoplay; clipboard-write; encrypted-media; gyroscope; picture-in-picture\" allowfullscreen><\/iframe><\/p>\n","protected":false},"featured_media":8700,"template":"","meta":[],"product_brand":[],"product_cat":[21,316],"product_tag":[70,72],"class_list":{"0":"post-8699","1":"product","2":"type-product","3":"status-publish","4":"has-post-thumbnail","6":"product_cat-cat_lixeiras","7":"product_cat-cat_plast-pedal","8":"product_tag-lixeiras","9":"product_tag-pedal","11":"first","12":"instock","13":"shipping-taxable","14":"purchasable","15":"product-type-simple"},"jetpack_sharing_enabled":true,"_links":{"self":[{"href":"https:\/\/assulba.com.br\/index.php?rest_route=\/wp\/v2\/product\/8699","targetHints":{"allow":["GET"]}}],"collection":[{"href":"https:\/\/assulba.com.br\/index.php?rest_route=\/wp\/v2\/product"}],"about":[{"href":"https:\/\/assulba.com.br\/index.php?rest_route=\/wp\/v2\/types\/product"}],"wp:featuredmedia":[{"embeddable":true,"href":"https:\/\/assulba.com.br\/index.php?rest_route=\/wp\/v2\/media\/8700"}],"wp:attachment":[{"href":"https:\/\/assulba.com.br\/index.php?rest_route=%2Fwp%2Fv2%2Fmedia&parent=8699"}],"wp:term":[{"taxonomy":"product_brand","embeddable":true,"href":"https:\/\/assulba.com.br\/index.php?rest_route=%2Fwp%2Fv2%2Fproduct_brand&post=8699"},{"taxonomy":"product_cat","embeddable":true,"href":"https:\/\/assulba.com.br\/index.php?rest_route=%2Fwp%2Fv2%2Fproduct_cat&post=8699"},{"taxonomy":"product_tag","embeddable":true,"href":"https:\/\/assulba.com.br\/index.php?rest_route=%2Fwp%2Fv2%2Fproduct_tag&post=8699"}],"curies":[{"name":"wp","href":"https:\/\/api.w.org\/{rel}","templated":true}]}}