{"id":8696,"date":"2022-04-15T13:28:29","date_gmt":"2022-04-15T16:28:29","guid":{"rendered":"https:\/\/assulba.com.br\/?post_type=product&#038;p=8696"},"modified":"2024-03-17T00:43:45","modified_gmt":"2024-03-17T03:43:45","slug":"sapato-ocupacional-impermeavel-vonder","status":"publish","type":"product","link":"https:\/\/assulba.com.br\/?product=sapato-ocupacional-impermeavel-vonder","title":{"rendered":"SAPATO OCUPACIONAL IMPERME\u00c1VEL VONDER"},"content":{"rendered":"","protected":false},"excerpt":{"rendered":"<p>Sapato em material polim\u00e9rico imperme\u00e1vel, com palmilha remov\u00edvel e solado em borracha natural. Resistente ao \u00f3leo combust\u00edvel e antiderrapante mesmo sobre piso cer\u00e2mico com detergente ou sobre o a\u00e7o com solu\u00e7\u00e3o de glicerol.<\/p>\n","protected":false},"featured_media":8697,"template":"","meta":[],"product_brand":[],"product_cat":[305],"product_tag":[148,168,27,149,127],"class_list":{"0":"post-8696","1":"product","2":"type-product","3":"status-publish","4":"has-post-thumbnail","6":"product_cat-cat_epi","7":"product_tag-calcado","8":"product_tag-epi","9":"product_tag-limpeza","10":"product_tag-sapato","11":"product_tag-seguranca","13":"first","14":"instock","15":"shipping-taxable","16":"purchasable","17":"product-type-simple"},"jetpack_sharing_enabled":true,"_links":{"self":[{"href":"https:\/\/assulba.com.br\/index.php?rest_route=\/wp\/v2\/product\/8696","targetHints":{"allow":["GET"]}}],"collection":[{"href":"https:\/\/assulba.com.br\/index.php?rest_route=\/wp\/v2\/product"}],"about":[{"href":"https:\/\/assulba.com.br\/index.php?rest_route=\/wp\/v2\/types\/product"}],"wp:featuredmedia":[{"embeddable":true,"href":"https:\/\/assulba.com.br\/index.php?rest_route=\/wp\/v2\/media\/8697"}],"wp:attachment":[{"href":"https:\/\/assulba.com.br\/index.php?rest_route=%2Fwp%2Fv2%2Fmedia&parent=8696"}],"wp:term":[{"taxonomy":"product_brand","embeddable":true,"href":"https:\/\/assulba.com.br\/index.php?rest_route=%2Fwp%2Fv2%2Fproduct_brand&post=8696"},{"taxonomy":"product_cat","embeddable":true,"href":"https:\/\/assulba.com.br\/index.php?rest_route=%2Fwp%2Fv2%2Fproduct_cat&post=8696"},{"taxonomy":"product_tag","embeddable":true,"href":"https:\/\/assulba.com.br\/index.php?rest_route=%2Fwp%2Fv2%2Fproduct_tag&post=8696"}],"curies":[{"name":"wp","href":"https:\/\/api.w.org\/{rel}","templated":true}]}}