{"id":8562,"date":"2022-01-30T16:42:28","date_gmt":"2022-01-30T19:42:28","guid":{"rendered":"https:\/\/assulba.com.br\/?post_type=product&#038;p=8562"},"modified":"2024-03-17T00:43:45","modified_gmt":"2024-03-17T03:43:45","slug":"espatula-multiuso-12cm-bralimpia","status":"publish","type":"product","link":"https:\/\/assulba.com.br\/?product=espatula-multiuso-12cm-bralimpia","title":{"rendered":"ESP\u00c1TULA MULTIUSO 12CM BRALIMPIA"},"content":{"rendered":"","protected":false},"excerpt":{"rendered":"<p>Esp\u00e1tula pl\u00e1stica com 12,5 cm de largura, ideal para limpeza em geral, coloca\u00e7\u00e3o de adesivos ou pel\u00edculas, aplica\u00e7\u00e3o de cola, uso em reformas, etc. Possui superf\u00edcie extremamente lisa para evitar o ac\u00famulo de res\u00edduos.<\/p>\n<p><iframe loading=\"lazy\" width=\"560\" height=\"315\" src=\"https:\/\/www.youtube-nocookie.com\/embed\/m-AXX9EnDaY\" title=\"YouTube video player\" frameborder=\"0\" allow=\"accelerometer; autoplay; clipboard-write; encrypted-media; gyroscope; picture-in-picture\" allowfullscreen><\/iframe><\/p>\n","protected":false},"featured_media":8563,"template":"","meta":[],"product_brand":[],"product_cat":[135,309,312],"product_tag":[131,27],"class_list":{"0":"post-8562","1":"product","2":"type-product","3":"status-publish","4":"has-post-thumbnail","6":"product_cat-cat_limpeza","7":"product_cat-cat_limpeza_seca","8":"product_cat-cat-reparos","9":"product_tag-bralimpia","10":"product_tag-limpeza","12":"first","13":"instock","14":"shipping-taxable","15":"purchasable","16":"product-type-simple"},"jetpack_sharing_enabled":true,"_links":{"self":[{"href":"https:\/\/assulba.com.br\/index.php?rest_route=\/wp\/v2\/product\/8562","targetHints":{"allow":["GET"]}}],"collection":[{"href":"https:\/\/assulba.com.br\/index.php?rest_route=\/wp\/v2\/product"}],"about":[{"href":"https:\/\/assulba.com.br\/index.php?rest_route=\/wp\/v2\/types\/product"}],"wp:featuredmedia":[{"embeddable":true,"href":"https:\/\/assulba.com.br\/index.php?rest_route=\/wp\/v2\/media\/8563"}],"wp:attachment":[{"href":"https:\/\/assulba.com.br\/index.php?rest_route=%2Fwp%2Fv2%2Fmedia&parent=8562"}],"wp:term":[{"taxonomy":"product_brand","embeddable":true,"href":"https:\/\/assulba.com.br\/index.php?rest_route=%2Fwp%2Fv2%2Fproduct_brand&post=8562"},{"taxonomy":"product_cat","embeddable":true,"href":"https:\/\/assulba.com.br\/index.php?rest_route=%2Fwp%2Fv2%2Fproduct_cat&post=8562"},{"taxonomy":"product_tag","embeddable":true,"href":"https:\/\/assulba.com.br\/index.php?rest_route=%2Fwp%2Fv2%2Fproduct_tag&post=8562"}],"curies":[{"name":"wp","href":"https:\/\/api.w.org\/{rel}","templated":true}]}}