{"id":8559,"date":"2022-01-30T16:24:30","date_gmt":"2022-01-30T19:24:30","guid":{"rendered":"https:\/\/assulba.com.br\/?post_type=product&#038;p=8559"},"modified":"2024-03-17T00:43:45","modified_gmt":"2024-03-17T03:43:45","slug":"escova-para-rejunte-maxi-tech-bralimpia","status":"publish","type":"product","link":"https:\/\/assulba.com.br\/?product=escova-para-rejunte-maxi-tech-bralimpia","title":{"rendered":"ESCOVA PARA REJUNTE MAXI TECH BRALIMPIA"},"content":{"rendered":"","protected":false},"excerpt":{"rendered":"<p>Ideal para limpeza de rejuntes em pisos. Escova especial de fibra em Poli\u00e9ster de Engenharia, que volta ao formato original ap\u00f3s deformar-se durante o uso. Enquanto cerdas comuns perdem esta flexibilidade em pouco tempo, este poli\u00e9ster apresenta uma vida \u00fatil bem maior. Al\u00e9m disso, resiste a temperaturas de at\u00e9 100C e a produtos de limpeza \u00e0 base de \u00e1cido clor\u00eddrico e alcalinos. Possui sali\u00eancias na parte frontal e traseira, como pequenas esp\u00e1tulas embutidas, para retirada de sujeiras encrustadas.<br \/>\nUtilizada tanto com cabo acoplado ou como escova manual.<\/p>\n<p>Veja mais no v\u00eddeo explicativo:<\/p>\n<p><iframe loading=\"lazy\" width=\"560\" height=\"315\" src=\"https:\/\/www.youtube-nocookie.com\/embed\/5qBsCdN5JRw\" title=\"YouTube video player\" frameborder=\"0\" allow=\"accelerometer; autoplay; clipboard-write; encrypted-media; gyroscope; picture-in-picture\" allowfullscreen><\/iframe><\/p>\n","protected":false},"featured_media":8560,"template":"","meta":[],"product_brand":[],"product_cat":[135,310],"product_tag":[131,111,27],"class_list":{"0":"post-8559","1":"product","2":"type-product","3":"status-publish","4":"has-post-thumbnail","6":"product_cat-cat_limpeza","7":"product_cat-cat_limpeza_umida","8":"product_tag-bralimpia","9":"product_tag-escova","10":"product_tag-limpeza","12":"first","13":"instock","14":"shipping-taxable","15":"purchasable","16":"product-type-simple"},"jetpack_sharing_enabled":true,"_links":{"self":[{"href":"https:\/\/assulba.com.br\/index.php?rest_route=\/wp\/v2\/product\/8559","targetHints":{"allow":["GET"]}}],"collection":[{"href":"https:\/\/assulba.com.br\/index.php?rest_route=\/wp\/v2\/product"}],"about":[{"href":"https:\/\/assulba.com.br\/index.php?rest_route=\/wp\/v2\/types\/product"}],"wp:featuredmedia":[{"embeddable":true,"href":"https:\/\/assulba.com.br\/index.php?rest_route=\/wp\/v2\/media\/8560"}],"wp:attachment":[{"href":"https:\/\/assulba.com.br\/index.php?rest_route=%2Fwp%2Fv2%2Fmedia&parent=8559"}],"wp:term":[{"taxonomy":"product_brand","embeddable":true,"href":"https:\/\/assulba.com.br\/index.php?rest_route=%2Fwp%2Fv2%2Fproduct_brand&post=8559"},{"taxonomy":"product_cat","embeddable":true,"href":"https:\/\/assulba.com.br\/index.php?rest_route=%2Fwp%2Fv2%2Fproduct_cat&post=8559"},{"taxonomy":"product_tag","embeddable":true,"href":"https:\/\/assulba.com.br\/index.php?rest_route=%2Fwp%2Fv2%2Fproduct_tag&post=8559"}],"curies":[{"name":"wp","href":"https:\/\/api.w.org\/{rel}","templated":true}]}}