{"id":8554,"date":"2022-01-30T15:45:55","date_gmt":"2022-01-30T18:45:55","guid":{"rendered":"https:\/\/assulba.com.br\/?post_type=product&#038;p=8554"},"modified":"2024-03-17T00:43:45","modified_gmt":"2024-03-17T03:43:45","slug":"conjunto-lixeiras-seletivas-com-base-movel-bralimpia","status":"publish","type":"product","link":"https:\/\/assulba.com.br\/?product=conjunto-lixeiras-seletivas-com-base-movel-bralimpia","title":{"rendered":"CONJUNTO LIXEIRAS SELETIVAS COM BASE M\u00d3VEL BRALIMPIA"},"content":{"rendered":"","protected":false},"excerpt":{"rendered":"<p>Conjunto de quatro lixeiras pl\u00e1sticas de 50L para coleta seletiva e m\u00f3dulo desmont\u00e1vel, com rodas, para fixa\u00e7\u00e3o e movimenta\u00e7\u00e3o agrupada das mesmas. Possuem tapas basculantes transversais.<br \/>\nDimens\u00f5es:<br \/>\nLixeira (unidade): Altura 65cm; Largura 48cm; comprimento 27cm<br \/>\nM\u00f3dulo p\/4 lixeiras: Altura 19cm; Largura 116cm; Comprimento 43cm\t<\/p>\n","protected":false},"featured_media":8558,"template":"","meta":[],"product_brand":[],"product_cat":[21,317],"product_tag":[131,71,70,90],"class_list":{"0":"post-8554","1":"product","2":"type-product","3":"status-publish","4":"has-post-thumbnail","6":"product_cat-cat_lixeiras","7":"product_cat-cat_demaislixeiras","8":"product_tag-bralimpia","9":"product_tag-coleta-seletiva","10":"product_tag-lixeiras","11":"product_tag-lixeiras-com-rodas","13":"first","14":"instock","15":"shipping-taxable","16":"purchasable","17":"product-type-simple"},"jetpack_sharing_enabled":true,"_links":{"self":[{"href":"https:\/\/assulba.com.br\/index.php?rest_route=\/wp\/v2\/product\/8554","targetHints":{"allow":["GET"]}}],"collection":[{"href":"https:\/\/assulba.com.br\/index.php?rest_route=\/wp\/v2\/product"}],"about":[{"href":"https:\/\/assulba.com.br\/index.php?rest_route=\/wp\/v2\/types\/product"}],"wp:featuredmedia":[{"embeddable":true,"href":"https:\/\/assulba.com.br\/index.php?rest_route=\/wp\/v2\/media\/8558"}],"wp:attachment":[{"href":"https:\/\/assulba.com.br\/index.php?rest_route=%2Fwp%2Fv2%2Fmedia&parent=8554"}],"wp:term":[{"taxonomy":"product_brand","embeddable":true,"href":"https:\/\/assulba.com.br\/index.php?rest_route=%2Fwp%2Fv2%2Fproduct_brand&post=8554"},{"taxonomy":"product_cat","embeddable":true,"href":"https:\/\/assulba.com.br\/index.php?rest_route=%2Fwp%2Fv2%2Fproduct_cat&post=8554"},{"taxonomy":"product_tag","embeddable":true,"href":"https:\/\/assulba.com.br\/index.php?rest_route=%2Fwp%2Fv2%2Fproduct_tag&post=8554"}],"curies":[{"name":"wp","href":"https:\/\/api.w.org\/{rel}","templated":true}]}}