{"id":8551,"date":"2022-01-30T15:12:40","date_gmt":"2022-01-30T18:12:40","guid":{"rendered":"https:\/\/assulba.com.br\/?post_type=product&#038;p=8551"},"modified":"2024-03-17T00:43:45","modified_gmt":"2024-03-17T03:43:45","slug":"mini-vassoura-para-pa-coletora-bralimpia","status":"publish","type":"product","link":"https:\/\/assulba.com.br\/?product=mini-vassoura-para-pa-coletora-bralimpia","title":{"rendered":"MINI VASSOURA PARA P\u00c1 COLETORA BRALIMPIA"},"content":{"rendered":"","protected":false},"excerpt":{"rendered":"<p>Vassoura com cabo de alum\u00ednio, leve e pequena, ideal para o uso com a p\u00e1 coletora e o mop p\u00f3.<\/p>\n","protected":false},"featured_media":8762,"template":"","meta":[],"product_brand":[],"product_cat":[135,309],"product_tag":[131,27,52],"class_list":{"0":"post-8551","1":"product","2":"type-product","3":"status-publish","4":"has-post-thumbnail","6":"product_cat-cat_limpeza","7":"product_cat-cat_limpeza_seca","8":"product_tag-bralimpia","9":"product_tag-limpeza","10":"product_tag-vassoura","12":"first","13":"instock","14":"shipping-taxable","15":"purchasable","16":"product-type-simple"},"jetpack_sharing_enabled":true,"_links":{"self":[{"href":"https:\/\/assulba.com.br\/index.php?rest_route=\/wp\/v2\/product\/8551","targetHints":{"allow":["GET"]}}],"collection":[{"href":"https:\/\/assulba.com.br\/index.php?rest_route=\/wp\/v2\/product"}],"about":[{"href":"https:\/\/assulba.com.br\/index.php?rest_route=\/wp\/v2\/types\/product"}],"wp:featuredmedia":[{"embeddable":true,"href":"https:\/\/assulba.com.br\/index.php?rest_route=\/wp\/v2\/media\/8762"}],"wp:attachment":[{"href":"https:\/\/assulba.com.br\/index.php?rest_route=%2Fwp%2Fv2%2Fmedia&parent=8551"}],"wp:term":[{"taxonomy":"product_brand","embeddable":true,"href":"https:\/\/assulba.com.br\/index.php?rest_route=%2Fwp%2Fv2%2Fproduct_brand&post=8551"},{"taxonomy":"product_cat","embeddable":true,"href":"https:\/\/assulba.com.br\/index.php?rest_route=%2Fwp%2Fv2%2Fproduct_cat&post=8551"},{"taxonomy":"product_tag","embeddable":true,"href":"https:\/\/assulba.com.br\/index.php?rest_route=%2Fwp%2Fv2%2Fproduct_tag&post=8551"}],"curies":[{"name":"wp","href":"https:\/\/api.w.org\/{rel}","templated":true}]}}