{"id":8549,"date":"2022-01-30T15:01:47","date_gmt":"2022-01-30T18:01:47","guid":{"rendered":"https:\/\/assulba.com.br\/?post_type=product&#038;p=8549"},"modified":"2024-03-17T00:43:45","modified_gmt":"2024-03-17T03:43:45","slug":"raspador-de-seguranca-para-vidros-bralimpia","status":"publish","type":"product","link":"https:\/\/assulba.com.br\/?product=raspador-de-seguranca-para-vidros-bralimpia","title":{"rendered":"RASPADOR DE SEGURAN\u00c7A PARA VIDROS BRALIMPIA"},"content":{"rendered":"","protected":false},"excerpt":{"rendered":"<p>Raspador-limpador de vidros para remo\u00e7\u00e3o de sujeira, adesivos, fitas, tintas e outras manchas incrustadas, sem arranhar a superf\u00edcie. Possui l\u00e2mina retr\u00e1til substitu\u00edvel. Dimens\u00f5es: espessura 1 cm; largura\t4 cm; altura 10 cm.<\/p>\n<p><iframe loading=\"lazy\" width=\"560\" height=\"315\" src=\"https:\/\/www.youtube-nocookie.com\/embed\/FPpIwHAdoGc\" title=\"YouTube video player\" frameborder=\"0\" allow=\"accelerometer; autoplay; clipboard-write; encrypted-media; gyroscope; picture-in-picture\" allowfullscreen><\/iframe><\/p>\n","protected":false},"featured_media":8550,"template":"","meta":[],"product_brand":[],"product_cat":[135,309],"product_tag":[131,27],"class_list":{"0":"post-8549","1":"product","2":"type-product","3":"status-publish","4":"has-post-thumbnail","6":"product_cat-cat_limpeza","7":"product_cat-cat_limpeza_seca","8":"product_tag-bralimpia","9":"product_tag-limpeza","11":"first","12":"instock","13":"shipping-taxable","14":"purchasable","15":"product-type-simple"},"jetpack_sharing_enabled":true,"_links":{"self":[{"href":"https:\/\/assulba.com.br\/index.php?rest_route=\/wp\/v2\/product\/8549","targetHints":{"allow":["GET"]}}],"collection":[{"href":"https:\/\/assulba.com.br\/index.php?rest_route=\/wp\/v2\/product"}],"about":[{"href":"https:\/\/assulba.com.br\/index.php?rest_route=\/wp\/v2\/types\/product"}],"wp:featuredmedia":[{"embeddable":true,"href":"https:\/\/assulba.com.br\/index.php?rest_route=\/wp\/v2\/media\/8550"}],"wp:attachment":[{"href":"https:\/\/assulba.com.br\/index.php?rest_route=%2Fwp%2Fv2%2Fmedia&parent=8549"}],"wp:term":[{"taxonomy":"product_brand","embeddable":true,"href":"https:\/\/assulba.com.br\/index.php?rest_route=%2Fwp%2Fv2%2Fproduct_brand&post=8549"},{"taxonomy":"product_cat","embeddable":true,"href":"https:\/\/assulba.com.br\/index.php?rest_route=%2Fwp%2Fv2%2Fproduct_cat&post=8549"},{"taxonomy":"product_tag","embeddable":true,"href":"https:\/\/assulba.com.br\/index.php?rest_route=%2Fwp%2Fv2%2Fproduct_tag&post=8549"}],"curies":[{"name":"wp","href":"https:\/\/api.w.org\/{rel}","templated":true}]}}