{"id":8515,"date":"2022-01-19T18:21:53","date_gmt":"2022-01-19T21:21:53","guid":{"rendered":"https:\/\/assulba.com.br\/?post_type=product&#038;p=8515"},"modified":"2024-03-17T00:43:45","modified_gmt":"2024-03-17T03:43:45","slug":"dispensador-de-papel-higienico-rolao-sust-exaccta-plus","status":"publish","type":"product","link":"https:\/\/assulba.com.br\/?product=dispensador-de-papel-higienico-rolao-sust-exaccta-plus","title":{"rendered":"DISPENSADOR DE PAPEL HIGI\u00caNICO ROL\u00c3O SUST EXACCTA PLUS"},"content":{"rendered":"","protected":false},"excerpt":{"rendered":"<p>A Exaccta Plus sustent\u00e1vel \u00e9 a nova linha da marca Exaccta. Este dispensador de papel toalha interfolha possui design \u201cclean\u201d elegante. projetado para uso intenso, oferece \u00f3timo custo benef\u00edcio.<\/p>\n","protected":false},"featured_media":8532,"template":"","meta":[],"product_brand":[],"product_cat":[22],"product_tag":[83,91,162],"class_list":{"0":"post-8515","1":"product","2":"type-product","3":"status-publish","4":"has-post-thumbnail","6":"product_cat-banheiro","7":"product_tag-banheiro","8":"product_tag-dispenser","9":"product_tag-higiene","11":"first","12":"instock","13":"shipping-taxable","14":"purchasable","15":"product-type-simple"},"jetpack_sharing_enabled":true,"_links":{"self":[{"href":"https:\/\/assulba.com.br\/index.php?rest_route=\/wp\/v2\/product\/8515","targetHints":{"allow":["GET"]}}],"collection":[{"href":"https:\/\/assulba.com.br\/index.php?rest_route=\/wp\/v2\/product"}],"about":[{"href":"https:\/\/assulba.com.br\/index.php?rest_route=\/wp\/v2\/types\/product"}],"wp:featuredmedia":[{"embeddable":true,"href":"https:\/\/assulba.com.br\/index.php?rest_route=\/wp\/v2\/media\/8532"}],"wp:attachment":[{"href":"https:\/\/assulba.com.br\/index.php?rest_route=%2Fwp%2Fv2%2Fmedia&parent=8515"}],"wp:term":[{"taxonomy":"product_brand","embeddable":true,"href":"https:\/\/assulba.com.br\/index.php?rest_route=%2Fwp%2Fv2%2Fproduct_brand&post=8515"},{"taxonomy":"product_cat","embeddable":true,"href":"https:\/\/assulba.com.br\/index.php?rest_route=%2Fwp%2Fv2%2Fproduct_cat&post=8515"},{"taxonomy":"product_tag","embeddable":true,"href":"https:\/\/assulba.com.br\/index.php?rest_route=%2Fwp%2Fv2%2Fproduct_tag&post=8515"}],"curies":[{"name":"wp","href":"https:\/\/api.w.org\/{rel}","templated":true}]}}