{"id":8477,"date":"2022-01-08T11:33:17","date_gmt":"2022-01-08T14:33:17","guid":{"rendered":"https:\/\/assulba.com.br\/?post_type=product&#038;p=8477"},"modified":"2024-03-17T00:43:45","modified_gmt":"2024-03-17T03:43:45","slug":"lixeiras-papeleiras-50l-belosch","status":"publish","type":"product","link":"https:\/\/assulba.com.br\/?product=lixeiras-papeleiras-50l-belosch","title":{"rendered":"LIXEIRAS PAPELEIRAS 50L AZUL BELOSCH"},"content":{"rendered":"","protected":false},"excerpt":{"rendered":"<p>Lixeira papeleira em polietileno, produzida para instala\u00e7\u00e3o em postes ou paredes. Dispon\u00edvel nas cores azul, verde, vermelho e amarelo. Acompanha adesivos sinalizadores para uso opcional em coleta seletiva (azul: papel; verde: vidro; vermelho: pl\u00e1stico; amarelo: metal).<br \/>\nTamanho: 50 litros.<\/p>\n","protected":false},"featured_media":8500,"template":"","meta":[],"product_brand":[],"product_cat":[21,317],"product_tag":[16,35,70],"class_list":{"0":"post-8477","1":"product","2":"type-product","3":"status-publish","4":"has-post-thumbnail","6":"product_cat-cat_lixeiras","7":"product_cat-cat_demaislixeiras","8":"product_tag-garagem","9":"product_tag-jardim","10":"product_tag-lixeiras","12":"first","13":"instock","14":"shipping-taxable","15":"purchasable","16":"product-type-simple"},"jetpack_sharing_enabled":true,"_links":{"self":[{"href":"https:\/\/assulba.com.br\/index.php?rest_route=\/wp\/v2\/product\/8477","targetHints":{"allow":["GET"]}}],"collection":[{"href":"https:\/\/assulba.com.br\/index.php?rest_route=\/wp\/v2\/product"}],"about":[{"href":"https:\/\/assulba.com.br\/index.php?rest_route=\/wp\/v2\/types\/product"}],"wp:featuredmedia":[{"embeddable":true,"href":"https:\/\/assulba.com.br\/index.php?rest_route=\/wp\/v2\/media\/8500"}],"wp:attachment":[{"href":"https:\/\/assulba.com.br\/index.php?rest_route=%2Fwp%2Fv2%2Fmedia&parent=8477"}],"wp:term":[{"taxonomy":"product_brand","embeddable":true,"href":"https:\/\/assulba.com.br\/index.php?rest_route=%2Fwp%2Fv2%2Fproduct_brand&post=8477"},{"taxonomy":"product_cat","embeddable":true,"href":"https:\/\/assulba.com.br\/index.php?rest_route=%2Fwp%2Fv2%2Fproduct_cat&post=8477"},{"taxonomy":"product_tag","embeddable":true,"href":"https:\/\/assulba.com.br\/index.php?rest_route=%2Fwp%2Fv2%2Fproduct_tag&post=8477"}],"curies":[{"name":"wp","href":"https:\/\/api.w.org\/{rel}","templated":true}]}}