{"id":8433,"date":"2021-12-05T10:53:10","date_gmt":"2021-12-05T13:53:10","guid":{"rendered":"https:\/\/assulba.com.br\/?post_type=product&#038;p=8433"},"modified":"2024-09-10T21:34:02","modified_gmt":"2024-09-11T00:34:02","slug":"contentor-360-litros-contemar","status":"publish","type":"product","link":"https:\/\/assulba.com.br\/?product=contentor-360-litros-contemar","title":{"rendered":"CONTENTOR 360 LITROS AZUL CONTEMAR"},"content":{"rendered":"","protected":false},"excerpt":{"rendered":"<p>Contentor Contemar com 360 litros e 2 anos de garantia. Produzido em PEAD (polietileno de alta densidade). Possui resist\u00eancia bem superior em rela\u00e7\u00e3o aos outros modelos comuns no mercado. Possui a mesma largura dos contentores de 240L, o que possibilita sua passagem por portas convencionais. Fabricado com tecnologia de pl\u00e1stico injetado, com interior liso e sem arestas, evitando a reten\u00e7\u00e3o de bact\u00e9rias.<\/p>\n<p>https:\/\/s3.eu-west-3.amazonaws.com\/contenur\/contenur.com\/files\/20240507041900_20210611105648-20210507110836-c360.mp4<\/p>\n","protected":false},"featured_media":9570,"template":"","meta":[],"product_brand":[],"product_cat":[21,315],"product_tag":[77,142,76],"class_list":{"0":"post-8433","1":"product","2":"type-product","3":"status-publish","4":"has-post-thumbnail","6":"product_cat-cat_lixeiras","7":"product_cat-cat_contentores","8":"product_tag-container","9":"product_tag-contemar","10":"product_tag-contentor","12":"first","13":"instock","14":"featured","15":"shipping-taxable","16":"purchasable","17":"product-type-simple"},"jetpack_sharing_enabled":true,"_links":{"self":[{"href":"https:\/\/assulba.com.br\/index.php?rest_route=\/wp\/v2\/product\/8433","targetHints":{"allow":["GET"]}}],"collection":[{"href":"https:\/\/assulba.com.br\/index.php?rest_route=\/wp\/v2\/product"}],"about":[{"href":"https:\/\/assulba.com.br\/index.php?rest_route=\/wp\/v2\/types\/product"}],"wp:featuredmedia":[{"embeddable":true,"href":"https:\/\/assulba.com.br\/index.php?rest_route=\/wp\/v2\/media\/9570"}],"wp:attachment":[{"href":"https:\/\/assulba.com.br\/index.php?rest_route=%2Fwp%2Fv2%2Fmedia&parent=8433"}],"wp:term":[{"taxonomy":"product_brand","embeddable":true,"href":"https:\/\/assulba.com.br\/index.php?rest_route=%2Fwp%2Fv2%2Fproduct_brand&post=8433"},{"taxonomy":"product_cat","embeddable":true,"href":"https:\/\/assulba.com.br\/index.php?rest_route=%2Fwp%2Fv2%2Fproduct_cat&post=8433"},{"taxonomy":"product_tag","embeddable":true,"href":"https:\/\/assulba.com.br\/index.php?rest_route=%2Fwp%2Fv2%2Fproduct_tag&post=8433"}],"curies":[{"name":"wp","href":"https:\/\/api.w.org\/{rel}","templated":true}]}}